{"id":42,"date":"2016-07-13T15:48:49","date_gmt":"2016-07-13T13:48:49","guid":{"rendered":"http:\/\/baillot-ferro-avocats.com\/?page_id=42"},"modified":"2021-05-10T20:50:03","modified_gmt":"2021-05-10T18:50:03","slug":"la-tva","status":"publish","type":"page","link":"https:\/\/baillot-ferro-avocats.com\/?page_id=42","title":{"rendered":"La TVA"},"content":{"rendered":"<p>A la suite de la directive europ\u00e9enne 91\/680 du 16 d\u00e9cembre 1991 relative aux <em>&#8221; activit\u00e9s des producteurs, des commer\u00e7ants ou des prestataires de services, y compris les activit\u00e9s extractives agricoles et celles des professions lib\u00e9rales et assimil\u00e9es &#8220;<\/em>, ainsi qu\u2019au d\u00e9cret 92-1244 du 27 novembre 1992 pris en application de la loi 92-677 du 17 juillet 1992 et \u00e0 la loi 92-1442 du 31 d\u00e9cembre 1992, la profession d&#8217;avocat a \u00e9t\u00e9 soumise \u00e0 la TVA.<\/p>\n<p>Le Cabinet est assujetti \u00e0 la TVA au taux actuel de 20% (en 2021), que vous soyez particulier ou professionel.<\/p>\n","protected":false},"excerpt":{"rendered":"<p>A la suite de la directive europ\u00e9enne 91\/680 du 16 d\u00e9cembre 1991 relative aux &#8221; activit\u00e9s des producteurs, des commer\u00e7ants ou des prestataires de services, y compris les activit\u00e9s extractives agricoles et celles des professions lib\u00e9rales et assimil\u00e9es &#8220;, ainsi qu\u2019au d\u00e9cret 92-1244 du 27 novembre 1992 pris en application de la loi 92-677 du [&hellip;]<\/p>\n","protected":false},"author":1,"featured_media":0,"parent":0,"menu_order":0,"comment_status":"closed","ping_status":"closed","template":"tpl-fullwidth.php","meta":[],"yoast_head":"<!-- This site is optimized with the Yoast SEO plugin v16.2 - https:\/\/yoast.com\/wordpress\/plugins\/seo\/ -->\n<title>La TVA - Baillot Ferro avocats \u00e0 la cour<\/title>\n<meta name=\"robots\" content=\"index, follow, max-snippet:-1, max-image-preview:large, max-video-preview:-1\" \/>\n<link rel=\"canonical\" href=\"https:\/\/baillot-ferro-avocats.com\/?page_id=42\" \/>\n<meta property=\"og:locale\" content=\"fr_FR\" \/>\n<meta property=\"og:type\" content=\"article\" \/>\n<meta property=\"og:title\" content=\"La TVA - Baillot Ferro avocats \u00e0 la cour\" \/>\n<meta property=\"og:description\" content=\"A la suite de la directive europ\u00e9enne 91\/680 du 16 d\u00e9cembre 1991 relative aux &#8221; activit\u00e9s des producteurs, des commer\u00e7ants ou des prestataires de services, y compris les activit\u00e9s extractives agricoles et celles des professions lib\u00e9rales et assimil\u00e9es &#8220;, ainsi qu\u2019au d\u00e9cret 92-1244 du 27 novembre 1992 pris en application de la loi 92-677 du [&hellip;]\" \/>\n<meta property=\"og:url\" content=\"https:\/\/baillot-ferro-avocats.com\/?page_id=42\" \/>\n<meta property=\"og:site_name\" content=\"Baillot Ferro avocats \u00e0 la cour\" \/>\n<meta property=\"article:modified_time\" content=\"2021-05-10T18:50:03+00:00\" \/>\n<meta name=\"twitter:card\" content=\"summary_large_image\" \/>\n<meta name=\"twitter:label1\" content=\"Dur\u00e9e de lecture est.\">\n\t<meta name=\"twitter:data1\" content=\"1 minute\">\n<script type=\"application\/ld+json\" class=\"yoast-schema-graph\">{\"@context\":\"https:\/\/schema.org\",\"@graph\":[{\"@type\":\"Organization\",\"@id\":\"https:\/\/baillot-ferro-avocats.com\/#organization\",\"name\":\"Baillot-Ferro\",\"url\":\"https:\/\/baillot-ferro-avocats.com\/\",\"sameAs\":[],\"logo\":{\"@type\":\"ImageObject\",\"@id\":\"https:\/\/baillot-ferro-avocats.com\/#logo\",\"inLanguage\":\"fr-FR\",\"url\":\"http:\/\/baillot-ferro-avocats.com\/wp-content\/uploads\/2016\/10\/BF_Logo_MonoTon.png\",\"contentUrl\":\"http:\/\/baillot-ferro-avocats.com\/wp-content\/uploads\/2016\/10\/BF_Logo_MonoTon.png\",\"width\":273,\"height\":100,\"caption\":\"Baillot-Ferro\"},\"image\":{\"@id\":\"https:\/\/baillot-ferro-avocats.com\/#logo\"}},{\"@type\":\"WebSite\",\"@id\":\"https:\/\/baillot-ferro-avocats.com\/#website\",\"url\":\"https:\/\/baillot-ferro-avocats.com\/\",\"name\":\"Baillot Ferro avocats \\u00e0 la cour\",\"description\":\"\",\"publisher\":{\"@id\":\"https:\/\/baillot-ferro-avocats.com\/#organization\"},\"potentialAction\":[{\"@type\":\"SearchAction\",\"target\":\"https:\/\/baillot-ferro-avocats.com\/?s={search_term_string}\",\"query-input\":\"required name=search_term_string\"}],\"inLanguage\":\"fr-FR\"},{\"@type\":\"WebPage\",\"@id\":\"https:\/\/baillot-ferro-avocats.com\/?page_id=42#webpage\",\"url\":\"https:\/\/baillot-ferro-avocats.com\/?page_id=42\",\"name\":\"La TVA - Baillot Ferro avocats \\u00e0 la cour\",\"isPartOf\":{\"@id\":\"https:\/\/baillot-ferro-avocats.com\/#website\"},\"datePublished\":\"2016-07-13T13:48:49+00:00\",\"dateModified\":\"2021-05-10T18:50:03+00:00\",\"breadcrumb\":{\"@id\":\"https:\/\/baillot-ferro-avocats.com\/?page_id=42#breadcrumb\"},\"inLanguage\":\"fr-FR\",\"potentialAction\":[{\"@type\":\"ReadAction\",\"target\":[\"https:\/\/baillot-ferro-avocats.com\/?page_id=42\"]}]},{\"@type\":\"BreadcrumbList\",\"@id\":\"https:\/\/baillot-ferro-avocats.com\/?page_id=42#breadcrumb\",\"itemListElement\":[{\"@type\":\"ListItem\",\"position\":1,\"item\":{\"@type\":\"WebPage\",\"@id\":\"https:\/\/baillot-ferro-avocats.com\/\",\"url\":\"https:\/\/baillot-ferro-avocats.com\/\",\"name\":\"Accueil\"}},{\"@type\":\"ListItem\",\"position\":2,\"item\":{\"@id\":\"https:\/\/baillot-ferro-avocats.com\/?page_id=42#webpage\"}}]}]}<\/script>\n<!-- \/ Yoast SEO plugin. -->","_links":{"self":[{"href":"https:\/\/baillot-ferro-avocats.com\/index.php?rest_route=\/wp\/v2\/pages\/42"}],"collection":[{"href":"https:\/\/baillot-ferro-avocats.com\/index.php?rest_route=\/wp\/v2\/pages"}],"about":[{"href":"https:\/\/baillot-ferro-avocats.com\/index.php?rest_route=\/wp\/v2\/types\/page"}],"author":[{"embeddable":true,"href":"https:\/\/baillot-ferro-avocats.com\/index.php?rest_route=\/wp\/v2\/users\/1"}],"replies":[{"embeddable":true,"href":"https:\/\/baillot-ferro-avocats.com\/index.php?rest_route=%2Fwp%2Fv2%2Fcomments&post=42"}],"version-history":[{"count":5,"href":"https:\/\/baillot-ferro-avocats.com\/index.php?rest_route=\/wp\/v2\/pages\/42\/revisions"}],"predecessor-version":[{"id":412,"href":"https:\/\/baillot-ferro-avocats.com\/index.php?rest_route=\/wp\/v2\/pages\/42\/revisions\/412"}],"wp:attachment":[{"href":"https:\/\/baillot-ferro-avocats.com\/index.php?rest_route=%2Fwp%2Fv2%2Fmedia&parent=42"}],"curies":[{"name":"wp","href":"https:\/\/api.w.org\/{rel}","templated":true}]}}