{"id":40,"date":"2016-07-13T15:46:42","date_gmt":"2016-07-13T13:46:42","guid":{"rendered":"http:\/\/baillot-ferro-avocats.com\/?page_id=40"},"modified":"2016-11-03T14:21:26","modified_gmt":"2016-11-03T13:21:26","slug":"article-700-et-assimiles","status":"publish","type":"page","link":"https:\/\/baillot-ferro-avocats.com\/?page_id=40","title":{"rendered":"\u00ab article 700 \u00bb et assimil\u00e9s"},"content":{"rendered":"<p>Devant toutes les juridictions de l\u2019ordre judiciaire, selon les dispositions de l\u2019article 700 du code de proc\u00e9dure civile, \u00ab\u00a0<em>le juge condamne la partie tenue aux d\u00e9pens, ou \u00e0 d\u00e9faut la partie perdante \u00e0 payer \u00e0 l\u2019autre partie la somme qu\u2019il d\u00e9termine, au titre des frais expos\u00e9s et non compris dans les d\u00e9pens<\/em>. <em>Le juge tient compte de l\u2019\u00e9quit\u00e9 ou de la situation \u00e9conomique de la partie condamn\u00e9e. Il peut m\u00eame, m\u00eame d\u2019office, pour des raisons tir\u00e9es des m\u00eames consid\u00e9rations, dire qu\u2019il n\u2019y a pas lieu \u00e0 cette condamnation\u00a0\u00bb<\/em><\/p>\n<p>En mati\u00e8re p\u00e9nale, ce sont les articles 475-1 et 375 du code de proc\u00e9dure p\u00e9nale qui s\u2019appliquent et pr\u00e9voient le m\u00eame dispositif.<\/p>\n<p>Il s&#8217;agit donc de l&#8217;indemnit\u00e9 accord\u00e9e par une juridiction afin de compenser une partie des frais, notamment des honoraires d\u2019avocat, d\u00e9bours\u00e9s par le client afin de d\u00e9fendre ses int\u00e9r\u00eats dans le cadre d&#8217;une proc\u00e9dure.<\/p>\n<p>La plupart du temps, le montant de cette indemnit\u00e9 n&#8217;est pas \u00e9quivalent aux sommes effectivement vers\u00e9es par le client \u00e0 titre d\u2019honoraires.<\/p>\n<p>&nbsp;<\/p>\n<p>&nbsp;<\/p>\n","protected":false},"excerpt":{"rendered":"<p>Devant toutes les juridictions de l\u2019ordre judiciaire, selon les dispositions de l\u2019article 700 du code de proc\u00e9dure civile, \u00ab\u00a0le juge condamne la partie tenue aux d\u00e9pens, ou \u00e0 d\u00e9faut la partie perdante \u00e0 payer \u00e0 l\u2019autre partie la somme qu\u2019il d\u00e9termine, au titre des frais expos\u00e9s et non compris dans les d\u00e9pens. Le juge tient [&hellip;]<\/p>\n","protected":false},"author":1,"featured_media":0,"parent":0,"menu_order":0,"comment_status":"closed","ping_status":"closed","template":"tpl-fullwidth.php","meta":[],"yoast_head":"<!-- This site is optimized with the Yoast SEO plugin v16.2 - https:\/\/yoast.com\/wordpress\/plugins\/seo\/ -->\n<title>\u00ab article 700 \u00bb et assimil\u00e9s - Baillot Ferro avocats \u00e0 la cour<\/title>\n<meta name=\"robots\" content=\"index, follow, max-snippet:-1, max-image-preview:large, max-video-preview:-1\" \/>\n<link rel=\"canonical\" href=\"https:\/\/baillot-ferro-avocats.com\/?page_id=40\" \/>\n<meta property=\"og:locale\" content=\"fr_FR\" \/>\n<meta property=\"og:type\" content=\"article\" \/>\n<meta property=\"og:title\" content=\"\u00ab article 700 \u00bb et assimil\u00e9s - Baillot Ferro avocats \u00e0 la cour\" \/>\n<meta property=\"og:description\" content=\"Devant toutes les juridictions de l\u2019ordre judiciaire, selon les dispositions de l\u2019article 700 du code de proc\u00e9dure civile, \u00ab\u00a0le juge condamne la partie tenue aux d\u00e9pens, ou \u00e0 d\u00e9faut la partie perdante \u00e0 payer \u00e0 l\u2019autre partie la somme qu\u2019il d\u00e9termine, au titre des frais expos\u00e9s et non compris dans les d\u00e9pens. Le juge tient [&hellip;]\" \/>\n<meta property=\"og:url\" content=\"https:\/\/baillot-ferro-avocats.com\/?page_id=40\" \/>\n<meta property=\"og:site_name\" content=\"Baillot Ferro avocats \u00e0 la cour\" \/>\n<meta property=\"article:modified_time\" content=\"2016-11-03T13:21:26+00:00\" \/>\n<meta name=\"twitter:card\" content=\"summary_large_image\" \/>\n<meta name=\"twitter:label1\" content=\"Dur\u00e9e de lecture est.\">\n\t<meta name=\"twitter:data1\" content=\"1 minute\">\n<script type=\"application\/ld+json\" class=\"yoast-schema-graph\">{\"@context\":\"https:\/\/schema.org\",\"@graph\":[{\"@type\":\"Organization\",\"@id\":\"https:\/\/baillot-ferro-avocats.com\/#organization\",\"name\":\"Baillot-Ferro\",\"url\":\"https:\/\/baillot-ferro-avocats.com\/\",\"sameAs\":[],\"logo\":{\"@type\":\"ImageObject\",\"@id\":\"https:\/\/baillot-ferro-avocats.com\/#logo\",\"inLanguage\":\"fr-FR\",\"url\":\"http:\/\/baillot-ferro-avocats.com\/wp-content\/uploads\/2016\/10\/BF_Logo_MonoTon.png\",\"contentUrl\":\"http:\/\/baillot-ferro-avocats.com\/wp-content\/uploads\/2016\/10\/BF_Logo_MonoTon.png\",\"width\":273,\"height\":100,\"caption\":\"Baillot-Ferro\"},\"image\":{\"@id\":\"https:\/\/baillot-ferro-avocats.com\/#logo\"}},{\"@type\":\"WebSite\",\"@id\":\"https:\/\/baillot-ferro-avocats.com\/#website\",\"url\":\"https:\/\/baillot-ferro-avocats.com\/\",\"name\":\"Baillot Ferro avocats \\u00e0 la cour\",\"description\":\"\",\"publisher\":{\"@id\":\"https:\/\/baillot-ferro-avocats.com\/#organization\"},\"potentialAction\":[{\"@type\":\"SearchAction\",\"target\":\"https:\/\/baillot-ferro-avocats.com\/?s={search_term_string}\",\"query-input\":\"required name=search_term_string\"}],\"inLanguage\":\"fr-FR\"},{\"@type\":\"WebPage\",\"@id\":\"https:\/\/baillot-ferro-avocats.com\/?page_id=40#webpage\",\"url\":\"https:\/\/baillot-ferro-avocats.com\/?page_id=40\",\"name\":\"\\u00ab article 700 \\u00bb et assimil\\u00e9s - Baillot Ferro avocats \\u00e0 la cour\",\"isPartOf\":{\"@id\":\"https:\/\/baillot-ferro-avocats.com\/#website\"},\"datePublished\":\"2016-07-13T13:46:42+00:00\",\"dateModified\":\"2016-11-03T13:21:26+00:00\",\"breadcrumb\":{\"@id\":\"https:\/\/baillot-ferro-avocats.com\/?page_id=40#breadcrumb\"},\"inLanguage\":\"fr-FR\",\"potentialAction\":[{\"@type\":\"ReadAction\",\"target\":[\"https:\/\/baillot-ferro-avocats.com\/?page_id=40\"]}]},{\"@type\":\"BreadcrumbList\",\"@id\":\"https:\/\/baillot-ferro-avocats.com\/?page_id=40#breadcrumb\",\"itemListElement\":[{\"@type\":\"ListItem\",\"position\":1,\"item\":{\"@type\":\"WebPage\",\"@id\":\"https:\/\/baillot-ferro-avocats.com\/\",\"url\":\"https:\/\/baillot-ferro-avocats.com\/\",\"name\":\"Accueil\"}},{\"@type\":\"ListItem\",\"position\":2,\"item\":{\"@id\":\"https:\/\/baillot-ferro-avocats.com\/?page_id=40#webpage\"}}]}]}<\/script>\n<!-- \/ Yoast SEO plugin. -->","_links":{"self":[{"href":"https:\/\/baillot-ferro-avocats.com\/index.php?rest_route=\/wp\/v2\/pages\/40"}],"collection":[{"href":"https:\/\/baillot-ferro-avocats.com\/index.php?rest_route=\/wp\/v2\/pages"}],"about":[{"href":"https:\/\/baillot-ferro-avocats.com\/index.php?rest_route=\/wp\/v2\/types\/page"}],"author":[{"embeddable":true,"href":"https:\/\/baillot-ferro-avocats.com\/index.php?rest_route=\/wp\/v2\/users\/1"}],"replies":[{"embeddable":true,"href":"https:\/\/baillot-ferro-avocats.com\/index.php?rest_route=%2Fwp%2Fv2%2Fcomments&post=40"}],"version-history":[{"count":3,"href":"https:\/\/baillot-ferro-avocats.com\/index.php?rest_route=\/wp\/v2\/pages\/40\/revisions"}],"predecessor-version":[{"id":227,"href":"https:\/\/baillot-ferro-avocats.com\/index.php?rest_route=\/wp\/v2\/pages\/40\/revisions\/227"}],"wp:attachment":[{"href":"https:\/\/baillot-ferro-avocats.com\/index.php?rest_route=%2Fwp%2Fv2%2Fmedia&parent=40"}],"curies":[{"name":"wp","href":"https:\/\/api.w.org\/{rel}","templated":true}]}}