{"id":396,"date":"2021-05-10T19:59:35","date_gmt":"2021-05-10T17:59:35","guid":{"rendered":"https:\/\/baillot-ferro-avocats.com\/?page_id=396"},"modified":"2023-07-23T13:17:09","modified_gmt":"2023-07-23T11:17:09","slug":"maitre-camille-baillot","status":"publish","type":"page","link":"https:\/\/baillot-ferro-avocats.com\/?page_id=396","title":{"rendered":"Ma\u00eetre Camille BAILLOT"},"content":{"rendered":"<div class=\"part1\">\n<p>&nbsp;<\/p>\n<p><img loading=\"lazy\" class=\"imagecb alignright wp-image-426 size-large\" src=\"https:\/\/baillot-ferro-avocats.com\/wp-content\/uploads\/2021\/05\/20210311_111156nb-1-768x1024.jpg\" alt=\"\" width=\"590\" height=\"787\" srcset=\"https:\/\/baillot-ferro-avocats.com\/wp-content\/uploads\/2021\/05\/20210311_111156nb-1-768x1024.jpg 768w, https:\/\/baillot-ferro-avocats.com\/wp-content\/uploads\/2021\/05\/20210311_111156nb-1-225x300.jpg 225w, https:\/\/baillot-ferro-avocats.com\/wp-content\/uploads\/2021\/05\/20210311_111156nb-1-1152x1536.jpg 1152w, https:\/\/baillot-ferro-avocats.com\/wp-content\/uploads\/2021\/05\/20210311_111156nb-1-1536x2048.jpg 1536w, https:\/\/baillot-ferro-avocats.com\/wp-content\/uploads\/2021\/05\/20210311_111156nb-1-250x333.jpg 250w, https:\/\/baillot-ferro-avocats.com\/wp-content\/uploads\/2021\/05\/20210311_111156nb-1-scaled.jpg 1920w\" sizes=\"(max-width: 590px) 100vw, 590px\" \/><\/p>\n<p>&nbsp;<\/p>\n<p>&nbsp;<\/p>\n<p style=\"font-weight: 400;\"><em>Apr\u00e8s sa prestation de serment en janvier 2004, Ma\u00eetre Camille\u00a0BAILLOT\u00a0a exerc\u00e9 la profession d\u2019avocat au Barreau de Paris au sein du cabinet MARGULIS ASSOCIES en contentieux p\u00e9nal et des affaires.<\/em><\/p>\n<p style=\"font-weight: 400;\"><em>En 2005, elle int\u00e9grait le barreau de Bordeaux au sein du cabinet RACINE ou elle est intervenue en droit de la construction, de l\u2019immobilier et des assurances.<\/em><\/p>\n<p style=\"font-weight: 400;\"><em>En 2007, elle a rejoint l\u2019\u00e9quipe du cabinet AVOCAGIR, proposant une offre compl\u00e8te dans les diff\u00e9rentes branches du droit notamment de l\u2019immobilier.<\/em><\/p>\n<p style=\"font-weight: 400;\"><em>Forte de ces exp\u00e9riences dans des cabinets parisien et bordelais renomm\u00e9s, elle cr\u00e9ait en 2008 sa propre structure d\u2019exercice.<\/em><\/p>\n<p style=\"font-weight: 400;\"><em>Afin de compl\u00e9ter ce parcours solide, elle a obtenu en 2023, le certificat de sp\u00e9cialisation en droit immobilier du Conseil National des Barreaux.<\/em><\/p>\n<p style=\"font-weight: 400;\"><em>Avocat sp\u00e9cialiste en droit immobilier, elle traite les contentieux suivants tant pour les professionnels que les particuliers :<\/em><\/p>\n<ul style=\"font-weight: 400;\">\n<li><em>droit immobilier\u00a0: baux d\u2019habitation, commerciaux et professionnels , droit de la vente immobili\u00e8re, droit de la copropri\u00e9t\u00e9,<\/em><\/li>\n<li><em>droit de la construction et de l\u2019assurance construction,<\/em><\/li>\n<li><em>droit p\u00e9nal de l\u2019urbanisme,<\/em><\/li>\n<li><em>droit des contrats et de la responsabilit\u00e9 civile,<\/em><\/li>\n<li><em>droit de la famille des personnes et du patrimoine.<\/em><\/li>\n<\/ul>\n<p style=\"font-weight: 400;\">\u00a0Ma\u00eetre Camille\u00a0BAILLOT\u00a0est membre de l\u2019Institut du Droit de la Construction et du Droit des Personnes et du Patrimoine du Barreau de Bordeaux.<\/p>\n<p style=\"font-weight: 400;\"><em>\u00a0<\/em>Comp\u00e9tence, exigence et pragmatisme sont ses atouts.<\/p>\n<p style=\"font-weight: 400;\">\u00a0\u00a0\u00a0\u00a0\u00a0\u00a0\u00a0\u00a0\u00a0\u00a0\u00a0 Technicit\u00e9, t\u00e9nacit\u00e9 et ind\u00e9pendance sont ses exigences au quotidien.<\/p>\n<\/div>\n<div class=\"part2\"><a class=\"couleur_rdv\" href=\"https:\/\/consultation.avocat.fr\/avocat-bordeaux\/camille-baillot-38908.html\" target=\"_blank\" rel=\"noopener\">Prendre rendez vous en ligne<\/a><\/div>\n","protected":false},"excerpt":{"rendered":"<p>&nbsp; &nbsp; &nbsp; Apr\u00e8s sa prestation de serment en janvier 2004, Ma\u00eetre Camille\u00a0BAILLOT\u00a0a exerc\u00e9 la profession d\u2019avocat au Barreau de Paris au sein du cabinet MARGULIS ASSOCIES en contentieux p\u00e9nal et des affaires. En 2005, elle int\u00e9grait le barreau de Bordeaux au sein du cabinet RACINE ou elle est intervenue en droit de la construction, [&hellip;]<\/p>\n","protected":false},"author":1,"featured_media":0,"parent":0,"menu_order":0,"comment_status":"closed","ping_status":"closed","template":"pageCM.php","meta":[],"yoast_head":"<!-- This site is optimized with the Yoast SEO plugin v16.2 - https:\/\/yoast.com\/wordpress\/plugins\/seo\/ -->\n<title>Ma\u00eetre Camille BAILLOT - Baillot Ferro avocats \u00e0 la cour<\/title>\n<meta name=\"robots\" content=\"index, follow, max-snippet:-1, max-image-preview:large, max-video-preview:-1\" \/>\n<link rel=\"canonical\" href=\"https:\/\/baillot-ferro-avocats.com\/?page_id=396\" \/>\n<meta property=\"og:locale\" content=\"fr_FR\" \/>\n<meta property=\"og:type\" content=\"article\" \/>\n<meta property=\"og:title\" content=\"Ma\u00eetre Camille BAILLOT - Baillot Ferro avocats \u00e0 la cour\" \/>\n<meta property=\"og:description\" content=\"&nbsp; &nbsp; &nbsp; Apr\u00e8s sa prestation de serment en janvier 2004, Ma\u00eetre Camille\u00a0BAILLOT\u00a0a exerc\u00e9 la profession d\u2019avocat au Barreau de Paris au sein du cabinet MARGULIS ASSOCIES en contentieux p\u00e9nal et des affaires. En 2005, elle int\u00e9grait le barreau de Bordeaux au sein du cabinet RACINE ou elle est intervenue en droit de la construction, [&hellip;]\" \/>\n<meta property=\"og:url\" content=\"https:\/\/baillot-ferro-avocats.com\/?page_id=396\" \/>\n<meta property=\"og:site_name\" content=\"Baillot Ferro avocats \u00e0 la cour\" \/>\n<meta property=\"article:modified_time\" content=\"2023-07-23T11:17:09+00:00\" \/>\n<meta property=\"og:image\" content=\"https:\/\/baillot-ferro-avocats.com\/wp-content\/uploads\/2021\/05\/20210311_111156nb-1-768x1024.jpg\" \/>\n<meta name=\"twitter:card\" content=\"summary_large_image\" \/>\n<meta name=\"twitter:label1\" content=\"Dur\u00e9e de lecture est.\">\n\t<meta name=\"twitter:data1\" content=\"2 minutes\">\n<script type=\"application\/ld+json\" class=\"yoast-schema-graph\">{\"@context\":\"https:\/\/schema.org\",\"@graph\":[{\"@type\":\"Organization\",\"@id\":\"https:\/\/baillot-ferro-avocats.com\/#organization\",\"name\":\"Baillot-Ferro\",\"url\":\"https:\/\/baillot-ferro-avocats.com\/\",\"sameAs\":[],\"logo\":{\"@type\":\"ImageObject\",\"@id\":\"https:\/\/baillot-ferro-avocats.com\/#logo\",\"inLanguage\":\"fr-FR\",\"url\":\"http:\/\/baillot-ferro-avocats.com\/wp-content\/uploads\/2016\/10\/BF_Logo_MonoTon.png\",\"contentUrl\":\"http:\/\/baillot-ferro-avocats.com\/wp-content\/uploads\/2016\/10\/BF_Logo_MonoTon.png\",\"width\":273,\"height\":100,\"caption\":\"Baillot-Ferro\"},\"image\":{\"@id\":\"https:\/\/baillot-ferro-avocats.com\/#logo\"}},{\"@type\":\"WebSite\",\"@id\":\"https:\/\/baillot-ferro-avocats.com\/#website\",\"url\":\"https:\/\/baillot-ferro-avocats.com\/\",\"name\":\"Baillot Ferro avocats \\u00e0 la cour\",\"description\":\"\",\"publisher\":{\"@id\":\"https:\/\/baillot-ferro-avocats.com\/#organization\"},\"potentialAction\":[{\"@type\":\"SearchAction\",\"target\":\"https:\/\/baillot-ferro-avocats.com\/?s={search_term_string}\",\"query-input\":\"required name=search_term_string\"}],\"inLanguage\":\"fr-FR\"},{\"@type\":\"ImageObject\",\"@id\":\"https:\/\/baillot-ferro-avocats.com\/?page_id=396#primaryimage\",\"inLanguage\":\"fr-FR\",\"url\":\"https:\/\/baillot-ferro-avocats.com\/wp-content\/uploads\/2021\/05\/20210311_111156nb-1-scaled.jpg\",\"contentUrl\":\"https:\/\/baillot-ferro-avocats.com\/wp-content\/uploads\/2021\/05\/20210311_111156nb-1-scaled.jpg\",\"width\":1920,\"height\":2560},{\"@type\":\"WebPage\",\"@id\":\"https:\/\/baillot-ferro-avocats.com\/?page_id=396#webpage\",\"url\":\"https:\/\/baillot-ferro-avocats.com\/?page_id=396\",\"name\":\"Ma\\u00eetre Camille BAILLOT - Baillot Ferro avocats \\u00e0 la cour\",\"isPartOf\":{\"@id\":\"https:\/\/baillot-ferro-avocats.com\/#website\"},\"primaryImageOfPage\":{\"@id\":\"https:\/\/baillot-ferro-avocats.com\/?page_id=396#primaryimage\"},\"datePublished\":\"2021-05-10T17:59:35+00:00\",\"dateModified\":\"2023-07-23T11:17:09+00:00\",\"breadcrumb\":{\"@id\":\"https:\/\/baillot-ferro-avocats.com\/?page_id=396#breadcrumb\"},\"inLanguage\":\"fr-FR\",\"potentialAction\":[{\"@type\":\"ReadAction\",\"target\":[\"https:\/\/baillot-ferro-avocats.com\/?page_id=396\"]}]},{\"@type\":\"BreadcrumbList\",\"@id\":\"https:\/\/baillot-ferro-avocats.com\/?page_id=396#breadcrumb\",\"itemListElement\":[{\"@type\":\"ListItem\",\"position\":1,\"item\":{\"@type\":\"WebPage\",\"@id\":\"https:\/\/baillot-ferro-avocats.com\/\",\"url\":\"https:\/\/baillot-ferro-avocats.com\/\",\"name\":\"Accueil\"}},{\"@type\":\"ListItem\",\"position\":2,\"item\":{\"@id\":\"https:\/\/baillot-ferro-avocats.com\/?page_id=396#webpage\"}}]}]}<\/script>\n<!-- \/ Yoast SEO plugin. -->","_links":{"self":[{"href":"https:\/\/baillot-ferro-avocats.com\/index.php?rest_route=\/wp\/v2\/pages\/396"}],"collection":[{"href":"https:\/\/baillot-ferro-avocats.com\/index.php?rest_route=\/wp\/v2\/pages"}],"about":[{"href":"https:\/\/baillot-ferro-avocats.com\/index.php?rest_route=\/wp\/v2\/types\/page"}],"author":[{"embeddable":true,"href":"https:\/\/baillot-ferro-avocats.com\/index.php?rest_route=\/wp\/v2\/users\/1"}],"replies":[{"embeddable":true,"href":"https:\/\/baillot-ferro-avocats.com\/index.php?rest_route=%2Fwp%2Fv2%2Fcomments&post=396"}],"version-history":[{"count":9,"href":"https:\/\/baillot-ferro-avocats.com\/index.php?rest_route=\/wp\/v2\/pages\/396\/revisions"}],"predecessor-version":[{"id":438,"href":"https:\/\/baillot-ferro-avocats.com\/index.php?rest_route=\/wp\/v2\/pages\/396\/revisions\/438"}],"wp:attachment":[{"href":"https:\/\/baillot-ferro-avocats.com\/index.php?rest_route=%2Fwp%2Fv2%2Fmedia&parent=396"}],"curies":[{"name":"wp","href":"https:\/\/api.w.org\/{rel}","templated":true}]}}