{"id":385,"date":"2021-05-10T09:34:01","date_gmt":"2021-05-10T07:34:01","guid":{"rendered":"https:\/\/baillot-ferro-avocats.com\/?page_id=385"},"modified":"2021-05-24T19:38:02","modified_gmt":"2021-05-24T17:38:02","slug":"maitre-juliette-gaillard","status":"publish","type":"page","link":"https:\/\/baillot-ferro-avocats.com\/?page_id=385","title":{"rendered":"Ma\u00eetre Juliette GAILLARD"},"content":{"rendered":"<p><img loading=\"lazy\" class=\"imagejg alignright wp-image-386 size-large\" src=\"https:\/\/baillot-ferro-avocats.com\/wp-content\/uploads\/2021\/05\/Photo-Juliette1-787x1024.jpg\" alt=\"\" width=\"590\" height=\"768\" srcset=\"https:\/\/baillot-ferro-avocats.com\/wp-content\/uploads\/2021\/05\/Photo-Juliette1-787x1024.jpg 787w, https:\/\/baillot-ferro-avocats.com\/wp-content\/uploads\/2021\/05\/Photo-Juliette1-231x300.jpg 231w, https:\/\/baillot-ferro-avocats.com\/wp-content\/uploads\/2021\/05\/Photo-Juliette1-768x999.jpg 768w, https:\/\/baillot-ferro-avocats.com\/wp-content\/uploads\/2021\/05\/Photo-Juliette1-250x325.jpg 250w, https:\/\/baillot-ferro-avocats.com\/wp-content\/uploads\/2021\/05\/Photo-Juliette1.jpg 792w\" sizes=\"(max-width: 590px) 100vw, 590px\" \/><\/p>\n<p>&nbsp;<\/p>\n<p>Apr\u00e8s l\u2019obtention d\u2019une Maitrise en Droit g\u00e9n\u00e9ral et Sciences criminelles et d\u2019un Master II en Droit international et europ\u00e9en, Juliette GAILLARD obtient le Certificat d\u2019Aptitude \u00e0 la Profession d\u2019Avocat et pr\u00eate serment au Barreau de Bordeaux en 2020.<\/p>\n<p>&nbsp;<\/p>\n<p>Forte de ses exp\u00e9riences professionnelles au sein de cabinets d\u2019avocats \u00e0 Paris et \u00e0 Buenos Aires, elle rejoint le Cabinet BF Avocats en janvier 2021 en tant qu\u2019avocate collaboratrice.<\/p>\n<p>&nbsp;<\/p>\n<p>Elle intervient principalement en\u00a0:<\/p>\n<p>&nbsp;<\/p>\n<ul>\n<li>droit de la famille et des personnes,<\/li>\n<li>droit civil g\u00e9n\u00e9ral et notamment droit des contrats,<\/li>\n<li>droit p\u00e9nal,<\/li>\n<li>droit des \u00e9trangers,<\/li>\n<li>droit international priv\u00e9.<\/li>\n<\/ul>\n<p>&nbsp;<\/p>\n<p>Elle intervient par ailleurs dans le cadre des permanences du \u00ab\u00a0contentieux des hospitalis\u00e9s\u00a0\u00bb de l\u2019Ordre des Avocats du Barreau de Bordeaux.<\/p>\n<p>&nbsp;<\/p>\n<p>Juliette GAILLARD saura vous conseiller et vous repr\u00e9senter avec comp\u00e9tence, transparence, efficacit\u00e9 et r\u00e9activit\u00e9.<\/p>\n<p>&nbsp;<\/p>\n<p>Elle exerce en langue fran\u00e7aise et espagnole.<\/p>\n","protected":false},"excerpt":{"rendered":"<p>&nbsp; Apr\u00e8s l\u2019obtention d\u2019une Maitrise en Droit g\u00e9n\u00e9ral et Sciences criminelles et d\u2019un Master II en Droit international et europ\u00e9en, Juliette GAILLARD obtient le Certificat d\u2019Aptitude \u00e0 la Profession d\u2019Avocat et pr\u00eate serment au Barreau de Bordeaux en 2020. &nbsp; Forte de ses exp\u00e9riences professionnelles au sein de cabinets d\u2019avocats \u00e0 Paris et \u00e0 Buenos [&hellip;]<\/p>\n","protected":false},"author":1,"featured_media":0,"parent":0,"menu_order":0,"comment_status":"closed","ping_status":"closed","template":"tpl-fullwidth.php","meta":[],"yoast_head":"<!-- This site is optimized with the Yoast SEO plugin v16.2 - https:\/\/yoast.com\/wordpress\/plugins\/seo\/ -->\n<title>Ma\u00eetre Juliette GAILLARD - Baillot Ferro avocats \u00e0 la cour<\/title>\n<meta name=\"robots\" content=\"index, follow, max-snippet:-1, max-image-preview:large, max-video-preview:-1\" \/>\n<link rel=\"canonical\" href=\"https:\/\/baillot-ferro-avocats.com\/?page_id=385\" \/>\n<meta property=\"og:locale\" content=\"fr_FR\" \/>\n<meta property=\"og:type\" content=\"article\" \/>\n<meta property=\"og:title\" content=\"Ma\u00eetre Juliette GAILLARD - Baillot Ferro avocats \u00e0 la cour\" \/>\n<meta property=\"og:description\" content=\"&nbsp; Apr\u00e8s l\u2019obtention d\u2019une Maitrise en Droit g\u00e9n\u00e9ral et Sciences criminelles et d\u2019un Master II en Droit international et europ\u00e9en, Juliette GAILLARD obtient le Certificat d\u2019Aptitude \u00e0 la Profession d\u2019Avocat et pr\u00eate serment au Barreau de Bordeaux en 2020. &nbsp; Forte de ses exp\u00e9riences professionnelles au sein de cabinets d\u2019avocats \u00e0 Paris et \u00e0 Buenos [&hellip;]\" \/>\n<meta property=\"og:url\" content=\"https:\/\/baillot-ferro-avocats.com\/?page_id=385\" \/>\n<meta property=\"og:site_name\" content=\"Baillot Ferro avocats \u00e0 la cour\" \/>\n<meta property=\"article:modified_time\" content=\"2021-05-24T17:38:02+00:00\" \/>\n<meta property=\"og:image\" content=\"https:\/\/baillot-ferro-avocats.com\/wp-content\/uploads\/2021\/05\/Photo-Juliette1-787x1024.jpg\" \/>\n<meta name=\"twitter:card\" content=\"summary_large_image\" \/>\n<meta name=\"twitter:label1\" content=\"Dur\u00e9e de lecture est.\">\n\t<meta name=\"twitter:data1\" content=\"1 minute\">\n<script type=\"application\/ld+json\" class=\"yoast-schema-graph\">{\"@context\":\"https:\/\/schema.org\",\"@graph\":[{\"@type\":\"Organization\",\"@id\":\"https:\/\/baillot-ferro-avocats.com\/#organization\",\"name\":\"Baillot-Ferro\",\"url\":\"https:\/\/baillot-ferro-avocats.com\/\",\"sameAs\":[],\"logo\":{\"@type\":\"ImageObject\",\"@id\":\"https:\/\/baillot-ferro-avocats.com\/#logo\",\"inLanguage\":\"fr-FR\",\"url\":\"http:\/\/baillot-ferro-avocats.com\/wp-content\/uploads\/2016\/10\/BF_Logo_MonoTon.png\",\"contentUrl\":\"http:\/\/baillot-ferro-avocats.com\/wp-content\/uploads\/2016\/10\/BF_Logo_MonoTon.png\",\"width\":273,\"height\":100,\"caption\":\"Baillot-Ferro\"},\"image\":{\"@id\":\"https:\/\/baillot-ferro-avocats.com\/#logo\"}},{\"@type\":\"WebSite\",\"@id\":\"https:\/\/baillot-ferro-avocats.com\/#website\",\"url\":\"https:\/\/baillot-ferro-avocats.com\/\",\"name\":\"Baillot Ferro avocats \\u00e0 la cour\",\"description\":\"\",\"publisher\":{\"@id\":\"https:\/\/baillot-ferro-avocats.com\/#organization\"},\"potentialAction\":[{\"@type\":\"SearchAction\",\"target\":\"https:\/\/baillot-ferro-avocats.com\/?s={search_term_string}\",\"query-input\":\"required name=search_term_string\"}],\"inLanguage\":\"fr-FR\"},{\"@type\":\"ImageObject\",\"@id\":\"https:\/\/baillot-ferro-avocats.com\/?page_id=385#primaryimage\",\"inLanguage\":\"fr-FR\",\"url\":\"https:\/\/baillot-ferro-avocats.com\/wp-content\/uploads\/2021\/05\/Photo-Juliette1.jpg\",\"contentUrl\":\"https:\/\/baillot-ferro-avocats.com\/wp-content\/uploads\/2021\/05\/Photo-Juliette1.jpg\",\"width\":792,\"height\":1030},{\"@type\":\"WebPage\",\"@id\":\"https:\/\/baillot-ferro-avocats.com\/?page_id=385#webpage\",\"url\":\"https:\/\/baillot-ferro-avocats.com\/?page_id=385\",\"name\":\"Ma\\u00eetre Juliette GAILLARD - Baillot Ferro avocats \\u00e0 la cour\",\"isPartOf\":{\"@id\":\"https:\/\/baillot-ferro-avocats.com\/#website\"},\"primaryImageOfPage\":{\"@id\":\"https:\/\/baillot-ferro-avocats.com\/?page_id=385#primaryimage\"},\"datePublished\":\"2021-05-10T07:34:01+00:00\",\"dateModified\":\"2021-05-24T17:38:02+00:00\",\"breadcrumb\":{\"@id\":\"https:\/\/baillot-ferro-avocats.com\/?page_id=385#breadcrumb\"},\"inLanguage\":\"fr-FR\",\"potentialAction\":[{\"@type\":\"ReadAction\",\"target\":[\"https:\/\/baillot-ferro-avocats.com\/?page_id=385\"]}]},{\"@type\":\"BreadcrumbList\",\"@id\":\"https:\/\/baillot-ferro-avocats.com\/?page_id=385#breadcrumb\",\"itemListElement\":[{\"@type\":\"ListItem\",\"position\":1,\"item\":{\"@type\":\"WebPage\",\"@id\":\"https:\/\/baillot-ferro-avocats.com\/\",\"url\":\"https:\/\/baillot-ferro-avocats.com\/\",\"name\":\"Accueil\"}},{\"@type\":\"ListItem\",\"position\":2,\"item\":{\"@id\":\"https:\/\/baillot-ferro-avocats.com\/?page_id=385#webpage\"}}]}]}<\/script>\n<!-- \/ Yoast SEO plugin. -->","_links":{"self":[{"href":"https:\/\/baillot-ferro-avocats.com\/index.php?rest_route=\/wp\/v2\/pages\/385"}],"collection":[{"href":"https:\/\/baillot-ferro-avocats.com\/index.php?rest_route=\/wp\/v2\/pages"}],"about":[{"href":"https:\/\/baillot-ferro-avocats.com\/index.php?rest_route=\/wp\/v2\/types\/page"}],"author":[{"embeddable":true,"href":"https:\/\/baillot-ferro-avocats.com\/index.php?rest_route=\/wp\/v2\/users\/1"}],"replies":[{"embeddable":true,"href":"https:\/\/baillot-ferro-avocats.com\/index.php?rest_route=%2Fwp%2Fv2%2Fcomments&post=385"}],"version-history":[{"count":3,"href":"https:\/\/baillot-ferro-avocats.com\/index.php?rest_route=\/wp\/v2\/pages\/385\/revisions"}],"predecessor-version":[{"id":433,"href":"https:\/\/baillot-ferro-avocats.com\/index.php?rest_route=\/wp\/v2\/pages\/385\/revisions\/433"}],"wp:attachment":[{"href":"https:\/\/baillot-ferro-avocats.com\/index.php?rest_route=%2Fwp%2Fv2%2Fmedia&parent=385"}],"curies":[{"name":"wp","href":"https:\/\/api.w.org\/{rel}","templated":true}]}}