{"id":38,"date":"2016-07-13T15:46:19","date_gmt":"2016-07-13T13:46:19","guid":{"rendered":"http:\/\/baillot-ferro-avocats.com\/?page_id=38"},"modified":"2021-05-10T20:50:33","modified_gmt":"2021-05-10T18:50:33","slug":"les-frais-de-justice","status":"publish","type":"page","link":"https:\/\/baillot-ferro-avocats.com\/?page_id=38","title":{"rendered":"Les frais de justice"},"content":{"rendered":"<p>\u2022 Les frais de proc\u00e9dure sont g\u00e9n\u00e9ralement appel\u00e9s les d\u00e9pens.<\/p>\n<p>Ils sont calcul\u00e9s sur la base de textes r\u00e9glementaires et comprennent selon les dispositions de l\u2019article 695 du Code de proc\u00e9dure civile, notamment les frais d\u2019huissier, de greffe, la r\u00e9mun\u00e9ration des experts, les frais de copie de pi\u00e8ces &#8230;.<\/p>\n<p>En g\u00e9n\u00e9ral, sont aussi compris dans les d\u00e9pens :<\/p>\n<p>&#8211; un droit de plaidoirie par dossier de 13 \u20ac (tarif en 2016) que vous disposiez ou non de l\u2019aide juridictionnelle,<br \/>\n&#8211; depuis le 1er janvier 2012 : un timbre fiscal de 225 \u20ac que vous soyez appelant ou intim\u00e9 devant la Cour d\u2019appel.<\/p>\n<p>Ces frais de proc\u00e9dure sont factur\u00e9s au client, mais le plus souvent, \u00e0 la fin de l\u2019affaire, mis \u00e0 la charge de la partie perdante.<\/p>\n<p>\u2022 Il existe \u00e9galement des frais de justice sp\u00e9cifique en mati\u00e8re p\u00e9nale.<\/p>\n<p>Il s\u2019agit d\u2019un droit de fixe de proc\u00e9dure, pr\u00e9vu \u00e0 l\u2019article 1018 A du code g\u00e9n\u00e9ral des imp\u00f4ts.<\/p>\n<p>Ce droit est d\u00fb par chaque condamn\u00e9 \u00e0 une d\u00e9cision par une juridiction r\u00e9pressive.<\/p>\n<p>Ce droit (au 13 d\u00e9cembre 2011) est de :<\/p>\n<p>&#8211; 22\u20ac pour les ordonnances p\u00e9nales en mati\u00e8re contraventionnelle ou correctionnelle; les autres d\u00e9cisions des tribunaux de police et des juridictions de proximit\u00e9 et celles des juridictions qui ne statuent pas sur le fond ;<br \/>\n&#8211; 90\u20ac pour les d\u00e9cisions des tribunaux correctionnels. Toutefois, dans certains cas ce droit est port\u00e9 \u00e0 180 \u20ac si le condamn\u00e9 n&#8217;a pas comparu personnellement.<br \/>\n&#8211; 120\u20ac pour les d\u00e9cisions des cours d&#8217;appel statuant en mati\u00e8re correctionnelle et de police ;<br \/>\n&#8211; 375\u20ac pour les d\u00e9cisions des cours d&#8217;assises.<\/p>\n<p>Par contre, le condamn\u00e9 b\u00e9n\u00e9ficie automatiquement d\u2019une diminution de 20% du montant total \u00e0 payer (dans la limite de 1.500\u20ac, cette r\u00e9duction s\u2019appliquant \u00e9galement au montant de l\u2019amende) s\u2019il effectue le paiement dans le d\u00e9lai d\u2019un mois \u00e0 compter de :<\/p>\n<p>&#8211; la date \u00e0 laquelle la d\u00e9cision a \u00e9t\u00e9 prononc\u00e9e,<br \/>\n&#8211; la date de l\u2019envoi de la lettre recommand\u00e9e avec avis de r\u00e9ception,<br \/>\n&#8211; de la notification par le Procureur de la R\u00e9publique ou son d\u00e9l\u00e9gu\u00e9,<br \/>\n&#8211; de la date \u00e0 laquelle la d\u00e9cision a \u00e9t\u00e9 signifi\u00e9e au condamn\u00e9 par huissier,<br \/>\n&#8211; de la date \u00e0 laquelle la d\u00e9cision a \u00e9t\u00e9 notifi\u00e9e par un magistrat, un greffier ou le chef de l\u2019\u00e9tablissement p\u00e9nitentiaire.<\/p>\n","protected":false},"excerpt":{"rendered":"<p>\u2022 Les frais de proc\u00e9dure sont g\u00e9n\u00e9ralement appel\u00e9s les d\u00e9pens. Ils sont calcul\u00e9s sur la base de textes r\u00e9glementaires et comprennent selon les dispositions de l\u2019article 695 du Code de proc\u00e9dure civile, notamment les frais d\u2019huissier, de greffe, la r\u00e9mun\u00e9ration des experts, les frais de copie de pi\u00e8ces &#8230;. En g\u00e9n\u00e9ral, sont aussi compris dans [&hellip;]<\/p>\n","protected":false},"author":1,"featured_media":0,"parent":0,"menu_order":0,"comment_status":"closed","ping_status":"closed","template":"tpl-fullwidth.php","meta":[],"yoast_head":"<!-- This site is optimized with the Yoast SEO plugin v16.2 - https:\/\/yoast.com\/wordpress\/plugins\/seo\/ -->\n<title>Les frais de justice - Baillot Ferro avocats \u00e0 la cour<\/title>\n<meta name=\"robots\" content=\"index, follow, max-snippet:-1, max-image-preview:large, max-video-preview:-1\" \/>\n<link rel=\"canonical\" href=\"https:\/\/baillot-ferro-avocats.com\/?page_id=38\" \/>\n<meta property=\"og:locale\" content=\"fr_FR\" \/>\n<meta property=\"og:type\" content=\"article\" \/>\n<meta property=\"og:title\" content=\"Les frais de justice - Baillot Ferro avocats \u00e0 la cour\" \/>\n<meta property=\"og:description\" content=\"\u2022 Les frais de proc\u00e9dure sont g\u00e9n\u00e9ralement appel\u00e9s les d\u00e9pens. Ils sont calcul\u00e9s sur la base de textes r\u00e9glementaires et comprennent selon les dispositions de l\u2019article 695 du Code de proc\u00e9dure civile, notamment les frais d\u2019huissier, de greffe, la r\u00e9mun\u00e9ration des experts, les frais de copie de pi\u00e8ces &#8230;. En g\u00e9n\u00e9ral, sont aussi compris dans [&hellip;]\" \/>\n<meta property=\"og:url\" content=\"https:\/\/baillot-ferro-avocats.com\/?page_id=38\" \/>\n<meta property=\"og:site_name\" content=\"Baillot Ferro avocats \u00e0 la cour\" \/>\n<meta property=\"article:modified_time\" content=\"2021-05-10T18:50:33+00:00\" \/>\n<meta name=\"twitter:card\" content=\"summary_large_image\" \/>\n<meta name=\"twitter:label1\" content=\"Dur\u00e9e de lecture est.\">\n\t<meta name=\"twitter:data1\" content=\"2 minutes\">\n<script type=\"application\/ld+json\" class=\"yoast-schema-graph\">{\"@context\":\"https:\/\/schema.org\",\"@graph\":[{\"@type\":\"Organization\",\"@id\":\"https:\/\/baillot-ferro-avocats.com\/#organization\",\"name\":\"Baillot-Ferro\",\"url\":\"https:\/\/baillot-ferro-avocats.com\/\",\"sameAs\":[],\"logo\":{\"@type\":\"ImageObject\",\"@id\":\"https:\/\/baillot-ferro-avocats.com\/#logo\",\"inLanguage\":\"fr-FR\",\"url\":\"http:\/\/baillot-ferro-avocats.com\/wp-content\/uploads\/2016\/10\/BF_Logo_MonoTon.png\",\"contentUrl\":\"http:\/\/baillot-ferro-avocats.com\/wp-content\/uploads\/2016\/10\/BF_Logo_MonoTon.png\",\"width\":273,\"height\":100,\"caption\":\"Baillot-Ferro\"},\"image\":{\"@id\":\"https:\/\/baillot-ferro-avocats.com\/#logo\"}},{\"@type\":\"WebSite\",\"@id\":\"https:\/\/baillot-ferro-avocats.com\/#website\",\"url\":\"https:\/\/baillot-ferro-avocats.com\/\",\"name\":\"Baillot Ferro avocats \\u00e0 la cour\",\"description\":\"\",\"publisher\":{\"@id\":\"https:\/\/baillot-ferro-avocats.com\/#organization\"},\"potentialAction\":[{\"@type\":\"SearchAction\",\"target\":\"https:\/\/baillot-ferro-avocats.com\/?s={search_term_string}\",\"query-input\":\"required name=search_term_string\"}],\"inLanguage\":\"fr-FR\"},{\"@type\":\"WebPage\",\"@id\":\"https:\/\/baillot-ferro-avocats.com\/?page_id=38#webpage\",\"url\":\"https:\/\/baillot-ferro-avocats.com\/?page_id=38\",\"name\":\"Les frais de justice - Baillot Ferro avocats \\u00e0 la cour\",\"isPartOf\":{\"@id\":\"https:\/\/baillot-ferro-avocats.com\/#website\"},\"datePublished\":\"2016-07-13T13:46:19+00:00\",\"dateModified\":\"2021-05-10T18:50:33+00:00\",\"breadcrumb\":{\"@id\":\"https:\/\/baillot-ferro-avocats.com\/?page_id=38#breadcrumb\"},\"inLanguage\":\"fr-FR\",\"potentialAction\":[{\"@type\":\"ReadAction\",\"target\":[\"https:\/\/baillot-ferro-avocats.com\/?page_id=38\"]}]},{\"@type\":\"BreadcrumbList\",\"@id\":\"https:\/\/baillot-ferro-avocats.com\/?page_id=38#breadcrumb\",\"itemListElement\":[{\"@type\":\"ListItem\",\"position\":1,\"item\":{\"@type\":\"WebPage\",\"@id\":\"https:\/\/baillot-ferro-avocats.com\/\",\"url\":\"https:\/\/baillot-ferro-avocats.com\/\",\"name\":\"Accueil\"}},{\"@type\":\"ListItem\",\"position\":2,\"item\":{\"@id\":\"https:\/\/baillot-ferro-avocats.com\/?page_id=38#webpage\"}}]}]}<\/script>\n<!-- \/ Yoast SEO plugin. -->","_links":{"self":[{"href":"https:\/\/baillot-ferro-avocats.com\/index.php?rest_route=\/wp\/v2\/pages\/38"}],"collection":[{"href":"https:\/\/baillot-ferro-avocats.com\/index.php?rest_route=\/wp\/v2\/pages"}],"about":[{"href":"https:\/\/baillot-ferro-avocats.com\/index.php?rest_route=\/wp\/v2\/types\/page"}],"author":[{"embeddable":true,"href":"https:\/\/baillot-ferro-avocats.com\/index.php?rest_route=\/wp\/v2\/users\/1"}],"replies":[{"embeddable":true,"href":"https:\/\/baillot-ferro-avocats.com\/index.php?rest_route=%2Fwp%2Fv2%2Fcomments&post=38"}],"version-history":[{"count":3,"href":"https:\/\/baillot-ferro-avocats.com\/index.php?rest_route=\/wp\/v2\/pages\/38\/revisions"}],"predecessor-version":[{"id":413,"href":"https:\/\/baillot-ferro-avocats.com\/index.php?rest_route=\/wp\/v2\/pages\/38\/revisions\/413"}],"wp:attachment":[{"href":"https:\/\/baillot-ferro-avocats.com\/index.php?rest_route=%2Fwp%2Fv2%2Fmedia&parent=38"}],"curies":[{"name":"wp","href":"https:\/\/api.w.org\/{rel}","templated":true}]}}