{"id":379,"date":"2021-05-10T09:26:40","date_gmt":"2021-05-10T07:26:40","guid":{"rendered":"https:\/\/baillot-ferro-avocats.com\/?page_id=379"},"modified":"2023-07-27T10:40:19","modified_gmt":"2023-07-27T08:40:19","slug":"maitre-floriane-miraux","status":"publish","type":"page","link":"https:\/\/baillot-ferro-avocats.com\/?page_id=379","title":{"rendered":"Ma\u00eetre Amandine ALVES"},"content":{"rendered":"<p><img loading=\"lazy\" class=\"imagefm wp-image-440 alignright\" src=\"https:\/\/baillot-ferro-avocats.com\/wp-content\/uploads\/2023\/07\/IMG_0892-300x300.jpeg\" alt=\"\" width=\"554\" height=\"554\" srcset=\"https:\/\/baillot-ferro-avocats.com\/wp-content\/uploads\/2023\/07\/IMG_0892-300x300.jpeg 300w, https:\/\/baillot-ferro-avocats.com\/wp-content\/uploads\/2023\/07\/IMG_0892-1024x1024.jpeg 1024w, https:\/\/baillot-ferro-avocats.com\/wp-content\/uploads\/2023\/07\/IMG_0892-150x150.jpeg 150w, https:\/\/baillot-ferro-avocats.com\/wp-content\/uploads\/2023\/07\/IMG_0892-768x768.jpeg 768w, https:\/\/baillot-ferro-avocats.com\/wp-content\/uploads\/2023\/07\/IMG_0892-1536x1536.jpeg 1536w, https:\/\/baillot-ferro-avocats.com\/wp-content\/uploads\/2023\/07\/IMG_0892-2048x2048.jpeg 2048w, https:\/\/baillot-ferro-avocats.com\/wp-content\/uploads\/2023\/07\/IMG_0892-250x250.jpeg 250w, https:\/\/baillot-ferro-avocats.com\/wp-content\/uploads\/2023\/07\/IMG_0892-70x70.jpeg 70w\" sizes=\"(max-width: 554px) 100vw, 554px\" \/><\/p>\n<p>&nbsp;<\/p>\n<p>&nbsp;<\/p>\n<p style=\"font-weight: 400;\"><em>Amandine ALVES est titulaire d\u2019un Master 2 Droit priv\u00e9 approfondi : dominante droit civil obtenu \u00e0 l\u2019Universit\u00e9 de Bordeaux.\u00a0<\/em><\/p>\n<p style=\"font-weight: 400;\"><em>Apr\u00e8s plusieurs exp\u00e9riences au sein de cabinets bordelais pluridisciplinaires et traitant du contentieux du droit de l\u2019immobilier, de la construction, et du droit de la famille, elle a rejoint le Cabinet BF Avocats en tant que collaboratrice.<\/em><\/p>\n<p style=\"font-weight: 400;\"><em>\u00a0Elle intervient essentiellement dans les domaines suivants\u00a0:<\/em><\/p>\n<ul>\n<li style=\"font-weight: 400;\"><em>Droit de l\u2019immobilier et de la construction,<\/em><\/li>\n<li style=\"font-weight: 400;\"><em>Droit des personnes et de la famille,<\/em><\/li>\n<li style=\"font-weight: 400;\"><em>Droit des contrats et de la responsabilit\u00e9.<\/em><\/li>\n<\/ul>\n<p style=\"font-weight: 400;\"><em>Elle membre de l\u2019Institut du Droit des Personnes et de la Famille.<\/em><\/p>\n<p style=\"font-weight: 400;\"><em>Comp\u00e9tence, r\u00e9activit\u00e9, efficacit\u00e9, et confiance sont ses valeurs.<\/em><\/p>\n<p>&nbsp;<\/p>\n<p>&nbsp;<\/p>\n<p><a class=\"couleur_rdv\" href=\"https:\/\/consultation.avocat.fr\/avocat-bordeaux\/amandine-alves-53361.html\" target=\"_blank\" rel=\"noopener\">Prendre rendez vous en ligne<\/a><\/p>\n<p>&nbsp;<\/p>\n","protected":false},"excerpt":{"rendered":"<p>&nbsp; &nbsp; Amandine ALVES est titulaire d\u2019un Master 2 Droit priv\u00e9 approfondi : dominante droit civil obtenu \u00e0 l\u2019Universit\u00e9 de Bordeaux.\u00a0 Apr\u00e8s plusieurs exp\u00e9riences au sein de cabinets bordelais pluridisciplinaires et traitant du contentieux du droit de l\u2019immobilier, de la construction, et du droit de la famille, elle a rejoint le Cabinet BF Avocats en [&hellip;]<\/p>\n","protected":false},"author":1,"featured_media":0,"parent":0,"menu_order":0,"comment_status":"closed","ping_status":"closed","template":"tpl-fullwidth.php","meta":[],"yoast_head":"<!-- This site is optimized with the Yoast SEO plugin v16.2 - https:\/\/yoast.com\/wordpress\/plugins\/seo\/ -->\n<title>Ma\u00eetre Amandine ALVES - Baillot Ferro avocats \u00e0 la cour<\/title>\n<meta name=\"description\" content=\"Floriane MIRAUX est titulaire d\u2019un Master I en Droit des Affaires, d\u2019un DU en Propri\u00e9t\u00e9 Intellectuelle et Industrielle de l\u2019Universit\u00e9 de Bordeaux et d\u2019un Master II en Droit du Patrimoine Culturel de l\u2019Universit\u00e9 de Paris XI.\" \/>\n<meta name=\"robots\" content=\"index, follow, max-snippet:-1, max-image-preview:large, max-video-preview:-1\" \/>\n<link rel=\"canonical\" href=\"https:\/\/baillot-ferro-avocats.com\/?page_id=379\" \/>\n<meta property=\"og:locale\" content=\"fr_FR\" \/>\n<meta property=\"og:type\" content=\"article\" \/>\n<meta property=\"og:title\" content=\"Ma\u00eetre Amandine ALVES - Baillot Ferro avocats \u00e0 la cour\" \/>\n<meta property=\"og:description\" content=\"Floriane MIRAUX est titulaire d\u2019un Master I en Droit des Affaires, d\u2019un DU en Propri\u00e9t\u00e9 Intellectuelle et Industrielle de l\u2019Universit\u00e9 de Bordeaux et d\u2019un Master II en Droit du Patrimoine Culturel de l\u2019Universit\u00e9 de Paris XI.\" \/>\n<meta property=\"og:url\" content=\"https:\/\/baillot-ferro-avocats.com\/?page_id=379\" \/>\n<meta property=\"og:site_name\" content=\"Baillot Ferro avocats \u00e0 la cour\" \/>\n<meta property=\"article:modified_time\" content=\"2023-07-27T08:40:19+00:00\" \/>\n<meta property=\"og:image\" content=\"https:\/\/baillot-ferro-avocats.com\/wp-content\/uploads\/2023\/07\/IMG_0892-300x300.jpeg\" \/>\n<meta name=\"twitter:card\" content=\"summary_large_image\" \/>\n<meta name=\"twitter:label1\" content=\"Dur\u00e9e de lecture est.\">\n\t<meta name=\"twitter:data1\" content=\"1 minute\">\n<script type=\"application\/ld+json\" class=\"yoast-schema-graph\">{\"@context\":\"https:\/\/schema.org\",\"@graph\":[{\"@type\":\"Organization\",\"@id\":\"https:\/\/baillot-ferro-avocats.com\/#organization\",\"name\":\"Baillot-Ferro\",\"url\":\"https:\/\/baillot-ferro-avocats.com\/\",\"sameAs\":[],\"logo\":{\"@type\":\"ImageObject\",\"@id\":\"https:\/\/baillot-ferro-avocats.com\/#logo\",\"inLanguage\":\"fr-FR\",\"url\":\"http:\/\/baillot-ferro-avocats.com\/wp-content\/uploads\/2016\/10\/BF_Logo_MonoTon.png\",\"contentUrl\":\"http:\/\/baillot-ferro-avocats.com\/wp-content\/uploads\/2016\/10\/BF_Logo_MonoTon.png\",\"width\":273,\"height\":100,\"caption\":\"Baillot-Ferro\"},\"image\":{\"@id\":\"https:\/\/baillot-ferro-avocats.com\/#logo\"}},{\"@type\":\"WebSite\",\"@id\":\"https:\/\/baillot-ferro-avocats.com\/#website\",\"url\":\"https:\/\/baillot-ferro-avocats.com\/\",\"name\":\"Baillot Ferro avocats \\u00e0 la cour\",\"description\":\"\",\"publisher\":{\"@id\":\"https:\/\/baillot-ferro-avocats.com\/#organization\"},\"potentialAction\":[{\"@type\":\"SearchAction\",\"target\":\"https:\/\/baillot-ferro-avocats.com\/?s={search_term_string}\",\"query-input\":\"required name=search_term_string\"}],\"inLanguage\":\"fr-FR\"},{\"@type\":\"ImageObject\",\"@id\":\"https:\/\/baillot-ferro-avocats.com\/?page_id=379#primaryimage\",\"inLanguage\":\"fr-FR\",\"url\":\"https:\/\/baillot-ferro-avocats.com\/wp-content\/uploads\/2023\/07\/IMG_0892-scaled.jpeg\",\"contentUrl\":\"https:\/\/baillot-ferro-avocats.com\/wp-content\/uploads\/2023\/07\/IMG_0892-scaled.jpeg\",\"width\":2560,\"height\":2560},{\"@type\":\"WebPage\",\"@id\":\"https:\/\/baillot-ferro-avocats.com\/?page_id=379#webpage\",\"url\":\"https:\/\/baillot-ferro-avocats.com\/?page_id=379\",\"name\":\"Ma\\u00eetre Amandine ALVES - Baillot Ferro avocats \\u00e0 la cour\",\"isPartOf\":{\"@id\":\"https:\/\/baillot-ferro-avocats.com\/#website\"},\"primaryImageOfPage\":{\"@id\":\"https:\/\/baillot-ferro-avocats.com\/?page_id=379#primaryimage\"},\"datePublished\":\"2021-05-10T07:26:40+00:00\",\"dateModified\":\"2023-07-27T08:40:19+00:00\",\"description\":\"Floriane MIRAUX est titulaire d\\u2019un Master I en Droit des Affaires, d\\u2019un DU en Propri\\u00e9t\\u00e9 Intellectuelle et Industrielle de l\\u2019Universit\\u00e9 de Bordeaux et d\\u2019un Master II en Droit du Patrimoine Culturel de l\\u2019Universit\\u00e9 de Paris XI.\",\"breadcrumb\":{\"@id\":\"https:\/\/baillot-ferro-avocats.com\/?page_id=379#breadcrumb\"},\"inLanguage\":\"fr-FR\",\"potentialAction\":[{\"@type\":\"ReadAction\",\"target\":[\"https:\/\/baillot-ferro-avocats.com\/?page_id=379\"]}]},{\"@type\":\"BreadcrumbList\",\"@id\":\"https:\/\/baillot-ferro-avocats.com\/?page_id=379#breadcrumb\",\"itemListElement\":[{\"@type\":\"ListItem\",\"position\":1,\"item\":{\"@type\":\"WebPage\",\"@id\":\"https:\/\/baillot-ferro-avocats.com\/\",\"url\":\"https:\/\/baillot-ferro-avocats.com\/\",\"name\":\"Accueil\"}},{\"@type\":\"ListItem\",\"position\":2,\"item\":{\"@id\":\"https:\/\/baillot-ferro-avocats.com\/?page_id=379#webpage\"}}]}]}<\/script>\n<!-- \/ Yoast SEO plugin. -->","_links":{"self":[{"href":"https:\/\/baillot-ferro-avocats.com\/index.php?rest_route=\/wp\/v2\/pages\/379"}],"collection":[{"href":"https:\/\/baillot-ferro-avocats.com\/index.php?rest_route=\/wp\/v2\/pages"}],"about":[{"href":"https:\/\/baillot-ferro-avocats.com\/index.php?rest_route=\/wp\/v2\/types\/page"}],"author":[{"embeddable":true,"href":"https:\/\/baillot-ferro-avocats.com\/index.php?rest_route=\/wp\/v2\/users\/1"}],"replies":[{"embeddable":true,"href":"https:\/\/baillot-ferro-avocats.com\/index.php?rest_route=%2Fwp%2Fv2%2Fcomments&post=379"}],"version-history":[{"count":14,"href":"https:\/\/baillot-ferro-avocats.com\/index.php?rest_route=\/wp\/v2\/pages\/379\/revisions"}],"predecessor-version":[{"id":448,"href":"https:\/\/baillot-ferro-avocats.com\/index.php?rest_route=\/wp\/v2\/pages\/379\/revisions\/448"}],"wp:attachment":[{"href":"https:\/\/baillot-ferro-avocats.com\/index.php?rest_route=%2Fwp%2Fv2%2Fmedia&parent=379"}],"curies":[{"name":"wp","href":"https:\/\/api.w.org\/{rel}","templated":true}]}}