{"id":34,"date":"2016-07-13T15:45:38","date_gmt":"2016-07-13T13:45:38","guid":{"rendered":"http:\/\/baillot-ferro-avocats.com\/?page_id=34"},"modified":"2021-05-10T20:52:04","modified_gmt":"2021-05-10T18:52:04","slug":"laide-juridictionnelle","status":"publish","type":"page","link":"https:\/\/baillot-ferro-avocats.com\/?page_id=34","title":{"rendered":"L&#8217;aide juridictionnelle"},"content":{"rendered":"<p>Selon les dispositions de l\u2019article 2 de la loi n\u00b091-467 du 10 juillet 1991 relative \u00e0 l\u2019aide juridique, <em>\u00ab les personnes physiques dont les ressources sont insuffisantes pour faire valoir leurs droits en justice peuvent b\u00e9n\u00e9ficier d\u2019une aide juridictionnelle. Cette aide est totale ou partielle. \u00bb<\/em><\/p>\n<p>Cette aide est accord\u00e9e sous condition de ressources. Les plafonds sont revaloris\u00e9s au 1er janvier de chaque ann\u00e9e.<\/p>\n<p>Vous trouverez ici le <a class=\"lien-jurid\" href=\"http:\/\/www.vos-droits.justice.gouv.fr\/art_pix\/Notice51036n02.pdf\" target=\"_blank\" rel=\"noopener\">lien vers un dossier d\u2019aide juridictionnelle<\/a> afin de vous permettre de conna\u00eetre les plafonds de ressources ainsi que les pi\u00e8ces \u00e0 fournir imp\u00e9rativement avant le traitement du dossier. Pour plus d&#8217;infos, allez sur le site <a href=\"http:\/\/vosdroits.service-public.fr\/R1444.xhtml\" target=\"_blank\" rel=\"noopener\">service-public.fr<\/a>.<\/p>\n","protected":false},"excerpt":{"rendered":"<p>Selon les dispositions de l\u2019article 2 de la loi n\u00b091-467 du 10 juillet 1991 relative \u00e0 l\u2019aide juridique, \u00ab les personnes physiques dont les ressources sont insuffisantes pour faire valoir leurs droits en justice peuvent b\u00e9n\u00e9ficier d\u2019une aide juridictionnelle. Cette aide est totale ou partielle. \u00bb Cette aide est accord\u00e9e sous condition de ressources. Les [&hellip;]<\/p>\n","protected":false},"author":1,"featured_media":0,"parent":0,"menu_order":0,"comment_status":"closed","ping_status":"closed","template":"tpl-fullwidth.php","meta":[],"yoast_head":"<!-- This site is optimized with the Yoast SEO plugin v16.2 - https:\/\/yoast.com\/wordpress\/plugins\/seo\/ -->\n<title>L&#039;aide juridictionnelle - Baillot Ferro avocats \u00e0 la cour<\/title>\n<meta name=\"robots\" content=\"index, follow, max-snippet:-1, max-image-preview:large, max-video-preview:-1\" \/>\n<link rel=\"canonical\" href=\"https:\/\/baillot-ferro-avocats.com\/?page_id=34\" \/>\n<meta property=\"og:locale\" content=\"fr_FR\" \/>\n<meta property=\"og:type\" content=\"article\" \/>\n<meta property=\"og:title\" content=\"L&#039;aide juridictionnelle - Baillot Ferro avocats \u00e0 la cour\" \/>\n<meta property=\"og:description\" content=\"Selon les dispositions de l\u2019article 2 de la loi n\u00b091-467 du 10 juillet 1991 relative \u00e0 l\u2019aide juridique, \u00ab les personnes physiques dont les ressources sont insuffisantes pour faire valoir leurs droits en justice peuvent b\u00e9n\u00e9ficier d\u2019une aide juridictionnelle. Cette aide est totale ou partielle. \u00bb Cette aide est accord\u00e9e sous condition de ressources. Les [&hellip;]\" \/>\n<meta property=\"og:url\" content=\"https:\/\/baillot-ferro-avocats.com\/?page_id=34\" \/>\n<meta property=\"og:site_name\" content=\"Baillot Ferro avocats \u00e0 la cour\" \/>\n<meta property=\"article:modified_time\" content=\"2021-05-10T18:52:04+00:00\" \/>\n<meta name=\"twitter:card\" content=\"summary_large_image\" \/>\n<meta name=\"twitter:label1\" content=\"Dur\u00e9e de lecture est.\">\n\t<meta name=\"twitter:data1\" content=\"1 minute\">\n<script type=\"application\/ld+json\" class=\"yoast-schema-graph\">{\"@context\":\"https:\/\/schema.org\",\"@graph\":[{\"@type\":\"Organization\",\"@id\":\"https:\/\/baillot-ferro-avocats.com\/#organization\",\"name\":\"Baillot-Ferro\",\"url\":\"https:\/\/baillot-ferro-avocats.com\/\",\"sameAs\":[],\"logo\":{\"@type\":\"ImageObject\",\"@id\":\"https:\/\/baillot-ferro-avocats.com\/#logo\",\"inLanguage\":\"fr-FR\",\"url\":\"http:\/\/baillot-ferro-avocats.com\/wp-content\/uploads\/2016\/10\/BF_Logo_MonoTon.png\",\"contentUrl\":\"http:\/\/baillot-ferro-avocats.com\/wp-content\/uploads\/2016\/10\/BF_Logo_MonoTon.png\",\"width\":273,\"height\":100,\"caption\":\"Baillot-Ferro\"},\"image\":{\"@id\":\"https:\/\/baillot-ferro-avocats.com\/#logo\"}},{\"@type\":\"WebSite\",\"@id\":\"https:\/\/baillot-ferro-avocats.com\/#website\",\"url\":\"https:\/\/baillot-ferro-avocats.com\/\",\"name\":\"Baillot Ferro avocats \\u00e0 la cour\",\"description\":\"\",\"publisher\":{\"@id\":\"https:\/\/baillot-ferro-avocats.com\/#organization\"},\"potentialAction\":[{\"@type\":\"SearchAction\",\"target\":\"https:\/\/baillot-ferro-avocats.com\/?s={search_term_string}\",\"query-input\":\"required name=search_term_string\"}],\"inLanguage\":\"fr-FR\"},{\"@type\":\"WebPage\",\"@id\":\"https:\/\/baillot-ferro-avocats.com\/?page_id=34#webpage\",\"url\":\"https:\/\/baillot-ferro-avocats.com\/?page_id=34\",\"name\":\"L'aide juridictionnelle - Baillot Ferro avocats \\u00e0 la cour\",\"isPartOf\":{\"@id\":\"https:\/\/baillot-ferro-avocats.com\/#website\"},\"datePublished\":\"2016-07-13T13:45:38+00:00\",\"dateModified\":\"2021-05-10T18:52:04+00:00\",\"breadcrumb\":{\"@id\":\"https:\/\/baillot-ferro-avocats.com\/?page_id=34#breadcrumb\"},\"inLanguage\":\"fr-FR\",\"potentialAction\":[{\"@type\":\"ReadAction\",\"target\":[\"https:\/\/baillot-ferro-avocats.com\/?page_id=34\"]}]},{\"@type\":\"BreadcrumbList\",\"@id\":\"https:\/\/baillot-ferro-avocats.com\/?page_id=34#breadcrumb\",\"itemListElement\":[{\"@type\":\"ListItem\",\"position\":1,\"item\":{\"@type\":\"WebPage\",\"@id\":\"https:\/\/baillot-ferro-avocats.com\/\",\"url\":\"https:\/\/baillot-ferro-avocats.com\/\",\"name\":\"Accueil\"}},{\"@type\":\"ListItem\",\"position\":2,\"item\":{\"@id\":\"https:\/\/baillot-ferro-avocats.com\/?page_id=34#webpage\"}}]}]}<\/script>\n<!-- \/ Yoast SEO plugin. -->","_links":{"self":[{"href":"https:\/\/baillot-ferro-avocats.com\/index.php?rest_route=\/wp\/v2\/pages\/34"}],"collection":[{"href":"https:\/\/baillot-ferro-avocats.com\/index.php?rest_route=\/wp\/v2\/pages"}],"about":[{"href":"https:\/\/baillot-ferro-avocats.com\/index.php?rest_route=\/wp\/v2\/types\/page"}],"author":[{"embeddable":true,"href":"https:\/\/baillot-ferro-avocats.com\/index.php?rest_route=\/wp\/v2\/users\/1"}],"replies":[{"embeddable":true,"href":"https:\/\/baillot-ferro-avocats.com\/index.php?rest_route=%2Fwp%2Fv2%2Fcomments&post=34"}],"version-history":[{"count":3,"href":"https:\/\/baillot-ferro-avocats.com\/index.php?rest_route=\/wp\/v2\/pages\/34\/revisions"}],"predecessor-version":[{"id":414,"href":"https:\/\/baillot-ferro-avocats.com\/index.php?rest_route=\/wp\/v2\/pages\/34\/revisions\/414"}],"wp:attachment":[{"href":"https:\/\/baillot-ferro-avocats.com\/index.php?rest_route=%2Fwp%2Fv2%2Fmedia&parent=34"}],"curies":[{"name":"wp","href":"https:\/\/api.w.org\/{rel}","templated":true}]}}