{"id":32,"date":"2016-07-13T15:07:06","date_gmt":"2016-07-13T13:07:06","guid":{"rendered":"http:\/\/baillot-ferro-avocats.com\/?page_id=32"},"modified":"2016-07-13T15:08:58","modified_gmt":"2016-07-13T13:08:58","slug":"la-determination-de-lhonoraire-et-son-versement","status":"publish","type":"page","link":"https:\/\/baillot-ferro-avocats.com\/?page_id=32","title":{"rendered":"La d\u00e9termination de l\u2019honoraire et son versement"},"content":{"rendered":"<p>Selon les dispositions de l\u2019article 10 de la loi n\u00b071-1130 du 31 d\u00e9cembre 1971 portant r\u00e9forme de certaines professions judiciaires et juridiques modifi\u00e9e par la loi n\u00b0 91-647 du 10 juillet 1991, <em>\u00ab les honoraires de consultation, d\u2019assistance, de conseil, de r\u00e9daction d\u2019actes juridiques sous seing priv\u00e9 et de plaidoirie <strong>sont fix\u00e9s en accord avec le client.<\/strong><br \/>\nA d\u00e9faut de convention entre l\u2019avocat et son client, l\u2019honoraire est fix\u00e9 selon les usages, en fonction de la situation de fortune du client, de la difficult\u00e9 de l\u2019affaire, des frais expos\u00e9s par l\u2019avocat, de sa notori\u00e9t\u00e9 et des diligences de celui-ci. \u00bb<\/em><\/p>\n<p>Les honoraires des avocats sont libres, ils doivent donc \u00eatre discut\u00e9s entre l&#8217;avocat et son client d\u00e8s le premier rendez-vous. Cette discussion est essentielle et ce, afin de permettre \u00e0 l&#8217;avocat et \u00e0 son client de commencer leur relation en toute confiance et en toute connaissance de cause.<\/p>\n<p>Deux types d\u2019honoraires sont envisageables selon le type de dossier :<\/p>\n<p><u><strong>a. L\u2019honoraire forfaitaire<\/strong><\/u> : dans les dossiers dont la dur\u00e9e de la proc\u00e9dure et le volume des prestations sont connues \u00e0 l\u2019avance.<\/p>\n<p><u><strong>b. L\u2019honoraire au temps pass\u00e9<\/strong><\/u> : un taux horaire est convenu avec le client lors du premier rendez-vous. L\u2019honoraire correspond alors aux prestations r\u00e9ellement fournies.<\/p>\n<p>Dans tous les cas, <u><strong>un honoraire compl\u00e9mentaire dit \u00ab de r\u00e9sultat \u00bb<\/strong><\/u> peut \u00eatre propos\u00e9 au client. Cet honoraire est calcul\u00e9 en fonction du r\u00e9sultat obtenu et du service rendu (m\u00eame article de la loi de 1971).<\/p>\n<p>Le plus souvent, l\u2019honoraire compl\u00e9mentaire de r\u00e9sultat n\u2019est fix\u00e9 qu\u2019apr\u00e8s une \u00e9tude approfondie du dossier.<\/p>\n<p>Dans tous les cas, une convention d\u2019honoraires destin\u00e9e \u00e0 fixer par \u00e9crit les principes r\u00e9gissant le paiement des honoraires ainsi que leur mode de calcul est r\u00e9gularis\u00e9e entre l\u2019avocat et son client.<\/p>\n<p>L\u2019honoraire n\u2019est g\u00e9n\u00e9ralement pas vers\u00e9 en une seule fois.<\/p>\n<p>Une provision peut vous \u00eatre demand\u00e9e pour ouvrir le dossier. Par la suite, les factures suivront les diligences accomplies par l\u2019avocat.<\/p>\n<p>Les diff\u00e9rends qui peuvent surgir entre le client et son avocat sont soumis au B\u00e2tonnier de l\u2019Ordre des avocats.<\/p>\n<p>Le Cabinet \u00e9tant adh\u00e9rant d\u2019une association de gestion agr\u00e9\u00e9e, le r\u00e8glement des honoraires par ch\u00e8que, virement, mandat, esp\u00e8ces est accept\u00e9. En revanche le r\u00e8glement par carte bancaire est impossible.<strong><u><br \/>\n<\/u><\/strong><\/p>\n","protected":false},"excerpt":{"rendered":"<p>Selon les dispositions de l\u2019article 10 de la loi n\u00b071-1130 du 31 d\u00e9cembre 1971 portant r\u00e9forme de certaines professions judiciaires et juridiques modifi\u00e9e par la loi n\u00b0 91-647 du 10 juillet 1991, \u00ab les honoraires de consultation, d\u2019assistance, de conseil, de r\u00e9daction d\u2019actes juridiques sous seing priv\u00e9 et de plaidoirie sont fix\u00e9s en accord avec [&hellip;]<\/p>\n","protected":false},"author":1,"featured_media":0,"parent":0,"menu_order":0,"comment_status":"closed","ping_status":"closed","template":"tpl-fullwidth.php","meta":[],"yoast_head":"<!-- This site is optimized with the Yoast SEO plugin v16.2 - https:\/\/yoast.com\/wordpress\/plugins\/seo\/ -->\n<title>La d\u00e9termination de l\u2019honoraire et son versement - Baillot Ferro avocats \u00e0 la cour<\/title>\n<meta name=\"robots\" content=\"index, follow, max-snippet:-1, max-image-preview:large, max-video-preview:-1\" \/>\n<link rel=\"canonical\" href=\"https:\/\/baillot-ferro-avocats.com\/?page_id=32\" \/>\n<meta property=\"og:locale\" content=\"fr_FR\" \/>\n<meta property=\"og:type\" content=\"article\" \/>\n<meta property=\"og:title\" content=\"La d\u00e9termination de l\u2019honoraire et son versement - Baillot Ferro avocats \u00e0 la cour\" \/>\n<meta property=\"og:description\" content=\"Selon les dispositions de l\u2019article 10 de la loi n\u00b071-1130 du 31 d\u00e9cembre 1971 portant r\u00e9forme de certaines professions judiciaires et juridiques modifi\u00e9e par la loi n\u00b0 91-647 du 10 juillet 1991, \u00ab les honoraires de consultation, d\u2019assistance, de conseil, de r\u00e9daction d\u2019actes juridiques sous seing priv\u00e9 et de plaidoirie sont fix\u00e9s en accord avec [&hellip;]\" \/>\n<meta property=\"og:url\" content=\"https:\/\/baillot-ferro-avocats.com\/?page_id=32\" \/>\n<meta property=\"og:site_name\" content=\"Baillot Ferro avocats \u00e0 la cour\" \/>\n<meta property=\"article:modified_time\" content=\"2016-07-13T13:08:58+00:00\" \/>\n<meta name=\"twitter:card\" content=\"summary_large_image\" \/>\n<meta name=\"twitter:label1\" content=\"Dur\u00e9e de lecture est.\">\n\t<meta name=\"twitter:data1\" content=\"2 minutes\">\n<script type=\"application\/ld+json\" class=\"yoast-schema-graph\">{\"@context\":\"https:\/\/schema.org\",\"@graph\":[{\"@type\":\"Organization\",\"@id\":\"https:\/\/baillot-ferro-avocats.com\/#organization\",\"name\":\"Baillot-Ferro\",\"url\":\"https:\/\/baillot-ferro-avocats.com\/\",\"sameAs\":[],\"logo\":{\"@type\":\"ImageObject\",\"@id\":\"https:\/\/baillot-ferro-avocats.com\/#logo\",\"inLanguage\":\"fr-FR\",\"url\":\"http:\/\/baillot-ferro-avocats.com\/wp-content\/uploads\/2016\/10\/BF_Logo_MonoTon.png\",\"contentUrl\":\"http:\/\/baillot-ferro-avocats.com\/wp-content\/uploads\/2016\/10\/BF_Logo_MonoTon.png\",\"width\":273,\"height\":100,\"caption\":\"Baillot-Ferro\"},\"image\":{\"@id\":\"https:\/\/baillot-ferro-avocats.com\/#logo\"}},{\"@type\":\"WebSite\",\"@id\":\"https:\/\/baillot-ferro-avocats.com\/#website\",\"url\":\"https:\/\/baillot-ferro-avocats.com\/\",\"name\":\"Baillot Ferro avocats \\u00e0 la cour\",\"description\":\"\",\"publisher\":{\"@id\":\"https:\/\/baillot-ferro-avocats.com\/#organization\"},\"potentialAction\":[{\"@type\":\"SearchAction\",\"target\":\"https:\/\/baillot-ferro-avocats.com\/?s={search_term_string}\",\"query-input\":\"required name=search_term_string\"}],\"inLanguage\":\"fr-FR\"},{\"@type\":\"WebPage\",\"@id\":\"https:\/\/baillot-ferro-avocats.com\/?page_id=32#webpage\",\"url\":\"https:\/\/baillot-ferro-avocats.com\/?page_id=32\",\"name\":\"La d\\u00e9termination de l\\u2019honoraire et son versement - Baillot Ferro avocats \\u00e0 la cour\",\"isPartOf\":{\"@id\":\"https:\/\/baillot-ferro-avocats.com\/#website\"},\"datePublished\":\"2016-07-13T13:07:06+00:00\",\"dateModified\":\"2016-07-13T13:08:58+00:00\",\"breadcrumb\":{\"@id\":\"https:\/\/baillot-ferro-avocats.com\/?page_id=32#breadcrumb\"},\"inLanguage\":\"fr-FR\",\"potentialAction\":[{\"@type\":\"ReadAction\",\"target\":[\"https:\/\/baillot-ferro-avocats.com\/?page_id=32\"]}]},{\"@type\":\"BreadcrumbList\",\"@id\":\"https:\/\/baillot-ferro-avocats.com\/?page_id=32#breadcrumb\",\"itemListElement\":[{\"@type\":\"ListItem\",\"position\":1,\"item\":{\"@type\":\"WebPage\",\"@id\":\"https:\/\/baillot-ferro-avocats.com\/\",\"url\":\"https:\/\/baillot-ferro-avocats.com\/\",\"name\":\"Accueil\"}},{\"@type\":\"ListItem\",\"position\":2,\"item\":{\"@id\":\"https:\/\/baillot-ferro-avocats.com\/?page_id=32#webpage\"}}]}]}<\/script>\n<!-- \/ Yoast SEO plugin. -->","_links":{"self":[{"href":"https:\/\/baillot-ferro-avocats.com\/index.php?rest_route=\/wp\/v2\/pages\/32"}],"collection":[{"href":"https:\/\/baillot-ferro-avocats.com\/index.php?rest_route=\/wp\/v2\/pages"}],"about":[{"href":"https:\/\/baillot-ferro-avocats.com\/index.php?rest_route=\/wp\/v2\/types\/page"}],"author":[{"embeddable":true,"href":"https:\/\/baillot-ferro-avocats.com\/index.php?rest_route=\/wp\/v2\/users\/1"}],"replies":[{"embeddable":true,"href":"https:\/\/baillot-ferro-avocats.com\/index.php?rest_route=%2Fwp%2Fv2%2Fcomments&post=32"}],"version-history":[{"count":1,"href":"https:\/\/baillot-ferro-avocats.com\/index.php?rest_route=\/wp\/v2\/pages\/32\/revisions"}],"predecessor-version":[{"id":33,"href":"https:\/\/baillot-ferro-avocats.com\/index.php?rest_route=\/wp\/v2\/pages\/32\/revisions\/33"}],"wp:attachment":[{"href":"https:\/\/baillot-ferro-avocats.com\/index.php?rest_route=%2Fwp%2Fv2%2Fmedia&parent=32"}],"curies":[{"name":"wp","href":"https:\/\/api.w.org\/{rel}","templated":true}]}}