{"id":29,"date":"2016-07-13T11:49:16","date_gmt":"2016-07-13T09:49:16","guid":{"rendered":"http:\/\/baillot-ferro-avocats.com\/?page_id=29"},"modified":"2021-05-10T20:31:34","modified_gmt":"2021-05-10T18:31:34","slug":"marie-valerie-ferro","status":"publish","type":"page","link":"https:\/\/baillot-ferro-avocats.com\/?page_id=29","title":{"rendered":"Ma\u00eetre Marie-Val\u00e9rie FERRO"},"content":{"rendered":"<div>\n<p>&nbsp;<\/p>\n<div id=\"attachment_406\" style=\"width: 600px\" class=\"wp-caption alignright\"><img aria-describedby=\"caption-attachment-406\" loading=\"lazy\" class=\"wp-image-406 size-large\" src=\"https:\/\/baillot-ferro-avocats.com\/wp-content\/uploads\/2021\/05\/1-964x1024.jpg\" alt=\"\" width=\"590\" height=\"627\" srcset=\"https:\/\/baillot-ferro-avocats.com\/wp-content\/uploads\/2021\/05\/1-964x1024.jpg 964w, https:\/\/baillot-ferro-avocats.com\/wp-content\/uploads\/2021\/05\/1-283x300.jpg 283w, https:\/\/baillot-ferro-avocats.com\/wp-content\/uploads\/2021\/05\/1-768x815.jpg 768w, https:\/\/baillot-ferro-avocats.com\/wp-content\/uploads\/2021\/05\/1-1447x1536.jpg 1447w, https:\/\/baillot-ferro-avocats.com\/wp-content\/uploads\/2021\/05\/1-1929x2048.jpg 1929w, https:\/\/baillot-ferro-avocats.com\/wp-content\/uploads\/2021\/05\/1-250x265.jpg 250w\" sizes=\"(max-width: 590px) 100vw, 590px\" \/><p id=\"caption-attachment-406\" class=\"wp-caption-text\">cof_vivi<\/p><\/div>\n<p>Avocat passionn\u00e9 depuis 2004, la comp\u00e9tence, l\u2019\u00e9coute, la transparence, l\u2019efficacit\u00e9, et la r\u00e9activit\u00e9 sont mes ma\u00eetres mots.<\/p>\n<p>Apr\u00e8s de riches exp\u00e9riences dans des cabinets de renomm\u00e9e nationale, j\u2019ai choisi de m\u2019installer en 2009 afin de pouvoir exercer mon m\u00e9tier au plus proche de mes clients gr\u00e2ce \u00e0 une structure \u00e0 taille humaine.<\/p>\n<p>Mon parcours professionnel m\u2019a permis d\u2019acqu\u00e9rir une solide exp\u00e9rience dans le droit des personnes au sens large.<\/p>\n<p>Avocat sp\u00e9cialiste en droit de la famille, des personnes et de leur patrimoine, j\u2019interviens essentiellement pour les particuliers en phase amiable ou judiciaire :<\/p>\n<p>&nbsp;<\/p>\n<ul>\n<li>droit de la famille : s\u00e9paration, divorce, succession, liquidation de r\u00e9gime matrimonial, droit de visite et de garde entre concubins, pacs\u00e9s liquidation d\u2019indivision, tutelle \u2026<\/li>\n<\/ul>\n<p>&nbsp;<\/p>\n<ul>\n<li>droit des victimes : accident de la circulation, violences et notamment violences conjugales, harc\u00e8lement au travail ou en famille, accident m\u00e9dical, accident de la vie courante\u2026<\/li>\n<\/ul>\n<p>&nbsp;<\/p>\n<ul>\n<li>droit social (droit du travail proprement dit, de la s\u00e9curit\u00e9 sociale\u2026). Je vous accompagne avant, pendant ou apr\u00e8s la rupture de votre contrat de travail devant le Conseil de prud\u2019hommes, le P\u00f4le social du Tribunal judiciaire, ou encore les juridictions p\u00e9nales. Je propose une assistance efficace aux salari\u00e9s ou aux employeurs soucieux que leurs droits soient respect\u00e9s.<\/li>\n<\/ul>\n<p>&nbsp;<\/p>\n<p>Afin de pouvoir offrir des comp\u00e9tences toujours plus pointues j\u2019ai aussi obtenu un DU de prise en charge des victimes qui me permet d\u2019appr\u00e9hender au mieux les probl\u00e9matiques li\u00e9es aux s\u00e9parations difficiles, aux souffrances des enfants, au harc\u00e8lement au travail ou au sein du couple\u2026.<\/p>\n<p>Je suis aussi form\u00e9e en droit collaboratif, ce qui me permet d\u2019accompagner mes clients dans la recherche de solutions amiables aux difficult\u00e9s qu\u2019ils rencontrent.<\/p>\n<p>Je suis aussi inscrite aussi comme avocat mandataire en transaction immobili\u00e8re, je peux ainsi aider mes clients dans la vente de leur bien immobilier.<\/p>\n<p>Mes valeurs sont la comp\u00e9tence, la confiance, la transparence, l\u2019efficacit\u00e9, et la r\u00e9activit\u00e9.<\/p>\n<\/div>\n<div><\/div>\n<div><\/div>\n<div class=\"part2\" style=\"text-align: center;\"><a class=\"couleur_rdv\" href=\"https:\/\/consultation.avocat.fr\/avocat-bordeaux\/marie-valerie-ferro-19243.html\" target=\"_blank\" rel=\"noopener\">Prendre rendez vous en ligne<\/a><\/div>\n","protected":false},"excerpt":{"rendered":"<p>&nbsp; Avocat passionn\u00e9 depuis 2004, la comp\u00e9tence, l\u2019\u00e9coute, la transparence, l\u2019efficacit\u00e9, et la r\u00e9activit\u00e9 sont mes ma\u00eetres mots. Apr\u00e8s de riches exp\u00e9riences dans des cabinets de renomm\u00e9e nationale, j\u2019ai choisi de m\u2019installer en 2009 afin de pouvoir exercer mon m\u00e9tier au plus proche de mes clients gr\u00e2ce \u00e0 une structure \u00e0 taille humaine. Mon parcours [&hellip;]<\/p>\n","protected":false},"author":1,"featured_media":0,"parent":0,"menu_order":0,"comment_status":"closed","ping_status":"closed","template":"pageMVF.php","meta":[],"yoast_head":"<!-- This site is optimized with the Yoast SEO plugin v16.2 - https:\/\/yoast.com\/wordpress\/plugins\/seo\/ -->\n<title>Ma\u00eetre Marie-Val\u00e9rie FERRO - Baillot Ferro avocats \u00e0 la cour<\/title>\n<meta name=\"robots\" content=\"index, follow, max-snippet:-1, max-image-preview:large, max-video-preview:-1\" \/>\n<link rel=\"canonical\" href=\"https:\/\/baillot-ferro-avocats.com\/?page_id=29\" \/>\n<meta property=\"og:locale\" content=\"fr_FR\" \/>\n<meta property=\"og:type\" content=\"article\" \/>\n<meta property=\"og:title\" content=\"Ma\u00eetre Marie-Val\u00e9rie FERRO - Baillot Ferro avocats \u00e0 la cour\" \/>\n<meta property=\"og:description\" content=\"&nbsp; Avocat passionn\u00e9 depuis 2004, la comp\u00e9tence, l\u2019\u00e9coute, la transparence, l\u2019efficacit\u00e9, et la r\u00e9activit\u00e9 sont mes ma\u00eetres mots. Apr\u00e8s de riches exp\u00e9riences dans des cabinets de renomm\u00e9e nationale, j\u2019ai choisi de m\u2019installer en 2009 afin de pouvoir exercer mon m\u00e9tier au plus proche de mes clients gr\u00e2ce \u00e0 une structure \u00e0 taille humaine. Mon parcours [&hellip;]\" \/>\n<meta property=\"og:url\" content=\"https:\/\/baillot-ferro-avocats.com\/?page_id=29\" \/>\n<meta property=\"og:site_name\" content=\"Baillot Ferro avocats \u00e0 la cour\" \/>\n<meta property=\"article:modified_time\" content=\"2021-05-10T18:31:34+00:00\" \/>\n<meta property=\"og:image\" content=\"https:\/\/baillot-ferro-avocats.com\/wp-content\/uploads\/2021\/05\/1-964x1024.jpg\" \/>\n<meta name=\"twitter:card\" content=\"summary_large_image\" \/>\n<meta name=\"twitter:label1\" content=\"Dur\u00e9e de lecture est.\">\n\t<meta name=\"twitter:data1\" content=\"2 minutes\">\n<script type=\"application\/ld+json\" class=\"yoast-schema-graph\">{\"@context\":\"https:\/\/schema.org\",\"@graph\":[{\"@type\":\"Organization\",\"@id\":\"https:\/\/baillot-ferro-avocats.com\/#organization\",\"name\":\"Baillot-Ferro\",\"url\":\"https:\/\/baillot-ferro-avocats.com\/\",\"sameAs\":[],\"logo\":{\"@type\":\"ImageObject\",\"@id\":\"https:\/\/baillot-ferro-avocats.com\/#logo\",\"inLanguage\":\"fr-FR\",\"url\":\"http:\/\/baillot-ferro-avocats.com\/wp-content\/uploads\/2016\/10\/BF_Logo_MonoTon.png\",\"contentUrl\":\"http:\/\/baillot-ferro-avocats.com\/wp-content\/uploads\/2016\/10\/BF_Logo_MonoTon.png\",\"width\":273,\"height\":100,\"caption\":\"Baillot-Ferro\"},\"image\":{\"@id\":\"https:\/\/baillot-ferro-avocats.com\/#logo\"}},{\"@type\":\"WebSite\",\"@id\":\"https:\/\/baillot-ferro-avocats.com\/#website\",\"url\":\"https:\/\/baillot-ferro-avocats.com\/\",\"name\":\"Baillot Ferro avocats \\u00e0 la cour\",\"description\":\"\",\"publisher\":{\"@id\":\"https:\/\/baillot-ferro-avocats.com\/#organization\"},\"potentialAction\":[{\"@type\":\"SearchAction\",\"target\":\"https:\/\/baillot-ferro-avocats.com\/?s={search_term_string}\",\"query-input\":\"required name=search_term_string\"}],\"inLanguage\":\"fr-FR\"},{\"@type\":\"ImageObject\",\"@id\":\"https:\/\/baillot-ferro-avocats.com\/?page_id=29#primaryimage\",\"inLanguage\":\"fr-FR\",\"url\":\"https:\/\/baillot-ferro-avocats.com\/wp-content\/uploads\/2021\/05\/1.jpg\",\"contentUrl\":\"https:\/\/baillot-ferro-avocats.com\/wp-content\/uploads\/2021\/05\/1.jpg\",\"width\":2056,\"height\":2183,\"caption\":\"cof_vivi\"},{\"@type\":\"WebPage\",\"@id\":\"https:\/\/baillot-ferro-avocats.com\/?page_id=29#webpage\",\"url\":\"https:\/\/baillot-ferro-avocats.com\/?page_id=29\",\"name\":\"Ma\\u00eetre Marie-Val\\u00e9rie FERRO - Baillot Ferro avocats \\u00e0 la cour\",\"isPartOf\":{\"@id\":\"https:\/\/baillot-ferro-avocats.com\/#website\"},\"primaryImageOfPage\":{\"@id\":\"https:\/\/baillot-ferro-avocats.com\/?page_id=29#primaryimage\"},\"datePublished\":\"2016-07-13T09:49:16+00:00\",\"dateModified\":\"2021-05-10T18:31:34+00:00\",\"breadcrumb\":{\"@id\":\"https:\/\/baillot-ferro-avocats.com\/?page_id=29#breadcrumb\"},\"inLanguage\":\"fr-FR\",\"potentialAction\":[{\"@type\":\"ReadAction\",\"target\":[\"https:\/\/baillot-ferro-avocats.com\/?page_id=29\"]}]},{\"@type\":\"BreadcrumbList\",\"@id\":\"https:\/\/baillot-ferro-avocats.com\/?page_id=29#breadcrumb\",\"itemListElement\":[{\"@type\":\"ListItem\",\"position\":1,\"item\":{\"@type\":\"WebPage\",\"@id\":\"https:\/\/baillot-ferro-avocats.com\/\",\"url\":\"https:\/\/baillot-ferro-avocats.com\/\",\"name\":\"Accueil\"}},{\"@type\":\"ListItem\",\"position\":2,\"item\":{\"@id\":\"https:\/\/baillot-ferro-avocats.com\/?page_id=29#webpage\"}}]}]}<\/script>\n<!-- \/ Yoast SEO plugin. -->","_links":{"self":[{"href":"https:\/\/baillot-ferro-avocats.com\/index.php?rest_route=\/wp\/v2\/pages\/29"}],"collection":[{"href":"https:\/\/baillot-ferro-avocats.com\/index.php?rest_route=\/wp\/v2\/pages"}],"about":[{"href":"https:\/\/baillot-ferro-avocats.com\/index.php?rest_route=\/wp\/v2\/types\/page"}],"author":[{"embeddable":true,"href":"https:\/\/baillot-ferro-avocats.com\/index.php?rest_route=\/wp\/v2\/users\/1"}],"replies":[{"embeddable":true,"href":"https:\/\/baillot-ferro-avocats.com\/index.php?rest_route=%2Fwp%2Fv2%2Fcomments&post=29"}],"version-history":[{"count":30,"href":"https:\/\/baillot-ferro-avocats.com\/index.php?rest_route=\/wp\/v2\/pages\/29\/revisions"}],"predecessor-version":[{"id":407,"href":"https:\/\/baillot-ferro-avocats.com\/index.php?rest_route=\/wp\/v2\/pages\/29\/revisions\/407"}],"wp:attachment":[{"href":"https:\/\/baillot-ferro-avocats.com\/index.php?rest_route=%2Fwp%2Fv2%2Fmedia&parent=29"}],"curies":[{"name":"wp","href":"https:\/\/api.w.org\/{rel}","templated":true}]}}